{"id":81,"date":"2015-09-11T18:18:38","date_gmt":"2015-09-11T17:18:38","guid":{"rendered":"http:\/\/www.cish.org\/?page_id=81"},"modified":"2015-10-22T17:57:57","modified_gmt":"2015-10-22T16:57:57","slug":"congres-precedents","status":"publish","type":"page","link":"https:\/\/www.cish.org\/index.php\/fr\/congres-et-autres-rencontres\/congres-precedents\/","title":{"rendered":"Congr\u00e8s pr\u00e9c\u00e9dents"},"content":{"rendered":"<h2>Sydney 2005<\/h2>\n<p>Le XXe Congr\u00e8s s\u2019est d\u00e9roul\u00e9 \u00e0 la New South Wales University.\u00a0 Pour la premi\u00e8re fois le CISH tenait son Congr\u00e8s dans l\u2019h\u00e9misph\u00e8re sud et dans la grande r\u00e9gion du pacifique. Les trois th\u00e8mes majeurs du Congr\u00e8s ont interpell\u00e9 les historiens sur les questions d\u2019environnement (Humanit\u00e9 et nature), de guerre et de paix, ainsi que sur les rapports entre mythe et histoire.<\/p>\n<p><a href=\"https:\/\/www.cish.org\/wp-content\/uploads\/2015\/09\/Programme_Sydney_20051.pdf\">T\u00e9l\u00e9charger le programme complet<\/a><\/p>\n<h2>Oslo 2000<\/h2>\n<p><a href=\"https:\/\/www.cish.org\/wp-content\/uploads\/2015\/09\/Programme_Oslo_20001.pdf\">T\u00e9l\u00e9charger le programme complet<\/a><\/p>\n<h2>Congr\u00e8s pr\u00e9c\u00e9dents<\/h2>\n<p><a href=\"https:\/\/www.cish.org\/index.php\/page-2\/archives-et-histoire\/liste-des-congres-du-cish-depuis-lorigine\/\" target=\"_blank\">Liste des Congr\u00e8s du CISH depuis l&#8217;origine<\/a><\/p>\n","protected":false},"excerpt":{"rendered":"<p>Sydney 2005 Le XXe Congr\u00e8s s\u2019est d\u00e9roul\u00e9 \u00e0 la New South Wales University.\u00a0 Pour la premi\u00e8re fois le CISH tenait son Congr\u00e8s dans l\u2019h\u00e9misph\u00e8re sud et dans la grande r\u00e9gion du pacifique. Les trois th\u00e8mes majeurs du Congr\u00e8s ont interpell\u00e9 les historiens sur les questions d\u2019environnement (Humanit\u00e9 et nature), de guerre et de paix, ainsi [&hellip;]<\/p>\n","protected":false},"author":3,"featured_media":0,"parent":31,"menu_order":3,"comment_status":"closed","ping_status":"closed","template":"","meta":{"footnotes":""},"class_list":["post-81","page","type-page","status-publish","hentry"],"_links":{"self":[{"href":"https:\/\/www.cish.org\/index.php\/wp-json\/wp\/v2\/pages\/81","targetHints":{"allow":["GET"]}}],"collection":[{"href":"https:\/\/www.cish.org\/index.php\/wp-json\/wp\/v2\/pages"}],"about":[{"href":"https:\/\/www.cish.org\/index.php\/wp-json\/wp\/v2\/types\/page"}],"author":[{"embeddable":true,"href":"https:\/\/www.cish.org\/index.php\/wp-json\/wp\/v2\/users\/3"}],"replies":[{"embeddable":true,"href":"https:\/\/www.cish.org\/index.php\/wp-json\/wp\/v2\/comments?post=81"}],"version-history":[{"count":6,"href":"https:\/\/www.cish.org\/index.php\/wp-json\/wp\/v2\/pages\/81\/revisions"}],"predecessor-version":[{"id":1284,"href":"https:\/\/www.cish.org\/index.php\/wp-json\/wp\/v2\/pages\/81\/revisions\/1284"}],"up":[{"embeddable":true,"href":"https:\/\/www.cish.org\/index.php\/wp-json\/wp\/v2\/pages\/31"}],"wp:attachment":[{"href":"https:\/\/www.cish.org\/index.php\/wp-json\/wp\/v2\/media?parent=81"}],"curies":[{"name":"wp","href":"https:\/\/api.w.org\/{rel}","templated":true}]}}