{"id":72,"date":"2015-09-11T18:15:11","date_gmt":"2015-09-11T17:15:11","guid":{"rendered":"http:\/\/www.cish.org\/?page_id=72"},"modified":"2021-11-02T12:05:19","modified_gmt":"2021-11-02T11:05:19","slug":"xxii-eme-congres-du-cish-jinan-2015","status":"publish","type":"page","link":"https:\/\/www.cish.org\/index.php\/fr\/congres-et-autres-rencontres\/xxii-eme-congres-du-cish-jinan-2015\/","title":{"rendered":"XXII \u00e8me Congr\u00e8s du CISH &#8211; Jinan 2015"},"content":{"rendered":"<p><img loading=\"lazy\" decoding=\"async\" class=\"size-medium wp-image-2977 alignleft\" src=\"https:\/\/www.cish.org\/wp-content\/uploads\/2021\/11\/LOGO_Jinan-2015-300x209.png\" alt=\"\" width=\"300\" height=\"209\" srcset=\"https:\/\/www.cish.org\/wp-content\/uploads\/2021\/11\/LOGO_Jinan-2015-300x209.png 300w, https:\/\/www.cish.org\/wp-content\/uploads\/2021\/11\/LOGO_Jinan-2015.png 451w\" sizes=\"auto, (max-width: 300px) 100vw, 300px\" \/><br \/>\nLe Congr\u00e8s du CISH, qui a lieu tous les cinq ans, est le grand rendez-vous mondial de la communaut\u00e9 internationale des historiens. Il\u00a0est l\u2019occasion de pr\u00e9senter les th\u00e8mes les plus novateurs et de confronter la recherche avec celle de coll\u00e8gues venus de tous les continents.<\/p>\n<p>Pour son XXIIe Congr\u00e8s qui s&#8217;est tenu du 23 au 28 ao\u00fbt 2015 \u00e0 Jinan (Chine), le CISH\u00a0 a tout particuli\u00e8rement mis l&#8217;accent sur la participation des\u00a0 jeunes historiens afin qu&#8217;ils fassent conna\u00eetre leurs recherches au sein de cette ar\u00e8ne internationale et participent \u00a0largement aux discussions organis\u00e9es dans plus de 70 panels.<\/p>\n<p><a href=\"https:\/\/www.cish.org\/wp-content\/uploads\/2021\/11\/Hietala-Opening-of-the-International-Congress-1.pdf\">T\u00e9l\u00e9charger le discours d&#8217;introduction (en anglais) <\/a><\/p>\n","protected":false},"excerpt":{"rendered":"<p>Le Congr\u00e8s du CISH, qui a lieu tous les cinq ans, est le grand rendez-vous mondial de la communaut\u00e9 internationale des historiens. Il\u00a0est l\u2019occasion de pr\u00e9senter les th\u00e8mes les plus novateurs et de confronter la recherche avec celle de coll\u00e8gues venus de tous les continents. Pour son XXIIe Congr\u00e8s qui s&#8217;est tenu du 23 au [&hellip;]<\/p>\n","protected":false},"author":3,"featured_media":0,"parent":31,"menu_order":0,"comment_status":"closed","ping_status":"closed","template":"","meta":{"footnotes":""},"class_list":["post-72","page","type-page","status-publish","hentry"],"_links":{"self":[{"href":"https:\/\/www.cish.org\/index.php\/wp-json\/wp\/v2\/pages\/72","targetHints":{"allow":["GET"]}}],"collection":[{"href":"https:\/\/www.cish.org\/index.php\/wp-json\/wp\/v2\/pages"}],"about":[{"href":"https:\/\/www.cish.org\/index.php\/wp-json\/wp\/v2\/types\/page"}],"author":[{"embeddable":true,"href":"https:\/\/www.cish.org\/index.php\/wp-json\/wp\/v2\/users\/3"}],"replies":[{"embeddable":true,"href":"https:\/\/www.cish.org\/index.php\/wp-json\/wp\/v2\/comments?post=72"}],"version-history":[{"count":6,"href":"https:\/\/www.cish.org\/index.php\/wp-json\/wp\/v2\/pages\/72\/revisions"}],"predecessor-version":[{"id":2986,"href":"https:\/\/www.cish.org\/index.php\/wp-json\/wp\/v2\/pages\/72\/revisions\/2986"}],"up":[{"embeddable":true,"href":"https:\/\/www.cish.org\/index.php\/wp-json\/wp\/v2\/pages\/31"}],"wp:attachment":[{"href":"https:\/\/www.cish.org\/index.php\/wp-json\/wp\/v2\/media?parent=72"}],"curies":[{"name":"wp","href":"https:\/\/api.w.org\/{rel}","templated":true}]}}