{"id":607,"date":"2015-09-24T18:52:46","date_gmt":"2015-09-24T17:52:46","guid":{"rendered":"http:\/\/www.cish.org\/?page_id=607"},"modified":"2015-10-26T11:49:08","modified_gmt":"2015-10-26T10:49:08","slug":"members-of-the-board-1926-2010","status":"publish","type":"page","link":"https:\/\/www.cish.org\/index.php\/en\/presentation\/the-ichs-board\/members-of-the-board-1926-2010\/","title":{"rendered":"Members of the Board 1926-2010"},"content":{"rendered":"<table width=\"88%\" align=\"center\">\n<tbody>\n<tr>\n<td colspan=\"2\"><strong>1926<\/strong><em><strong> (Bureau provisoire)<\/strong><\/em><\/td>\n<\/tr>\n<tr>\n<td width=\"32%\"><\/td>\n<td width=\"68%\"><\/td>\n<\/tr>\n<tr>\n<td><em>Pr\u00e9sident<\/em><\/td>\n<td>Halvdan Koht (Norv\u00e8ge)<\/td>\n<\/tr>\n<tr>\n<td><em>Vice-pr\u00e9sidents<\/em><\/td>\n<td>Henri Pirenne (Belgique)<\/td>\n<\/tr>\n<tr>\n<td><\/td>\n<td>Alfons Dopsch (Autriche)<\/td>\n<\/tr>\n<tr>\n<td><em>Secr\u00e9taire g\u00e9n\u00e9ral <\/em><\/td>\n<td>Michel Lh\u00e9ritier (France)<\/td>\n<\/tr>\n<tr>\n<td><em>Tr\u00e9sorier<\/em><\/td>\n<td>Waldo G. Leland (\u00c9tats-Unis)<\/td>\n<\/tr>\n<tr>\n<td><em>Membres assesseurs <\/em><\/td>\n<td>Friedrich Meinecke (Allemagne)<\/td>\n<\/tr>\n<tr>\n<td><\/td>\n<td>puis Karl Brandi (Allemagne)<\/td>\n<\/tr>\n<tr>\n<td><\/td>\n<td>Harold W. V. Temperley (Grande-Bretagne)<\/td>\n<\/tr>\n<tr>\n<td><\/td>\n<td>Gaetano De Sanctis (Italie)<\/td>\n<\/tr>\n<tr>\n<td><\/td>\n<td>Bronislaw Dembinski (Pologne)<\/td>\n<\/tr>\n<\/tbody>\n<\/table>\n<table width=\"88%\" align=\"center\">\n<tbody>\n<tr>\n<td colspan=\"2\"><strong>1928-1933<\/strong><\/td>\n<\/tr>\n<tr>\n<td width=\"32%\"><\/td>\n<td width=\"68%\"><\/td>\n<\/tr>\n<tr>\n<td><em>Pr\u00e9sident<\/em><\/td>\n<td>Halvdan Koht (Norv\u00e8ge)<\/td>\n<\/tr>\n<tr>\n<td><em>Vice-pr\u00e9sidents<\/em><\/td>\n<td>Alfons Dopsch (Autriche)<\/td>\n<\/tr>\n<tr>\n<td><\/td>\n<td>Bronislaw Dembinski (Pologne)<\/td>\n<\/tr>\n<tr>\n<td><em>Secr\u00e9taire g\u00e9n\u00e9ral <\/em><\/td>\n<td>Michel Lh\u00e9ritier (France)<\/td>\n<\/tr>\n<tr>\n<td><em>Tr\u00e9sorier<\/em><\/td>\n<td>Waldo G. Leland (\u00c9tats-Unis)<\/td>\n<\/tr>\n<tr>\n<td><em>Membres assesseurs <\/em><\/td>\n<td>Karl Brandi (Allemagne)<\/td>\n<\/tr>\n<tr>\n<td><\/td>\n<td>Gaetano De Sanctis (Italie)<\/td>\n<\/tr>\n<tr>\n<td><\/td>\n<td>Harold W. V. Temperley (Grande-Bretagne)<\/td>\n<\/tr>\n<tr>\n<td><\/td>\n<td>Josef Susta (Tch\u00e9coslovaquie)<\/td>\n<\/tr>\n<\/tbody>\n<\/table>\n<table width=\"88%\" align=\"center\">\n<tbody>\n<tr>\n<td colspan=\"2\"><strong>1933-1938<\/strong><\/td>\n<\/tr>\n<tr>\n<td width=\"32%\"><\/td>\n<td width=\"68%\"><\/td>\n<\/tr>\n<tr>\n<td><em>Pr\u00e9sident<\/em><\/td>\n<td>Harold W. V. Temperley (Grande-Bretagne)<\/td>\n<\/tr>\n<tr>\n<td><em>Vice-pr\u00e9sidents<\/em><\/td>\n<td>Bronislaw Dembinski (Pologne)<\/td>\n<\/tr>\n<tr>\n<td><\/td>\n<td>Karl Brandi (Allemagne)<\/td>\n<\/tr>\n<tr>\n<td><em>Secr\u00e9taire g\u00e9n\u00e9ral <\/em><\/td>\n<td>Michel Lh\u00e9ritier (France)<\/td>\n<\/tr>\n<tr>\n<td><\/td>\n<td>Tibor Barath (Hongrie) [adjoint pour le <em>Bulletin<\/em>]<\/td>\n<\/tr>\n<tr>\n<td><em>Tr\u00e9sorier<\/em><\/td>\n<td>Hans Nabholz (Suisse)<\/td>\n<\/tr>\n<tr>\n<td><em>Membres assesseurs <\/em><\/td>\n<td>Hippolyte Delehaye (Belgique)<\/td>\n<\/tr>\n<tr>\n<td><\/td>\n<td>Sandor Domanowsky (Hongrie)<\/td>\n<\/tr>\n<tr>\n<td><\/td>\n<td>Luis Nicolau d&#8217;Olwer (Espagne)<\/td>\n<\/tr>\n<tr>\n<td><\/td>\n<td>Vincenzo Ussani (Italie), [jusqu&#8217;en 1936]<\/td>\n<\/tr>\n<tr>\n<td><em>Membres conseillers<\/em><\/td>\n<td>Halvdan Koht (Norv\u00e8ge)<\/td>\n<\/tr>\n<tr>\n<td><\/td>\n<td>Waldo G. Leland (\u00c9tats-Unis)<\/td>\n<\/tr>\n<\/tbody>\n<\/table>\n<table width=\"88%\" align=\"center\">\n<tbody>\n<tr>\n<td colspan=\"2\"><strong>1938-1948<\/strong><\/td>\n<\/tr>\n<tr>\n<td width=\"32%\"><\/td>\n<td width=\"68%\"><\/td>\n<\/tr>\n<tr>\n<td><em>Pr\u00e9sident<\/em><\/td>\n<td>Waldo G. Leland (\u00c9tats-Unis)<\/td>\n<\/tr>\n<tr>\n<td><em>Vice-pr\u00e9sidents<\/em><\/td>\n<td>Nicolae Jorga (Roumanie)<\/td>\n<\/tr>\n<tr>\n<td><\/td>\n<td>Hans Nabholz (Suisse)<\/td>\n<\/tr>\n<tr>\n<td><em>Secr\u00e9taire g\u00e9n\u00e9ral <\/em><\/td>\n<td>Michel Lh\u00e9ritier (France) [jusqu&#8217;en 1945]<\/td>\n<\/tr>\n<tr>\n<td><em>Tr\u00e9sorier<\/em><\/td>\n<td>Sir Llewellyn Woodward (Grande-Bretagne)<\/td>\n<\/tr>\n<tr>\n<td><em>Membres assesseurs <\/em><\/td>\n<td>Fran\u00e7ois-L. Ganshof (Belgique)<\/td>\n<\/tr>\n<tr>\n<td><\/td>\n<td>Marceli Handelsman (Pologne)<\/td>\n<\/tr>\n<tr>\n<td><\/td>\n<td>Robert Holtzmann (Allemagne)<\/td>\n<\/tr>\n<tr>\n<td><\/td>\n<td>Gioacchino Volpe (Italie)<\/td>\n<\/tr>\n<tr>\n<td><em>Membres conseillers<\/em><\/td>\n<td>Halvdan Koht (Norv\u00e8ge)<\/td>\n<\/tr>\n<tr>\n<td><\/td>\n<td>Waldo G. Leland (\u00c9tats-Unis)<\/td>\n<\/tr>\n<\/tbody>\n<\/table>\n<table width=\"88%\" align=\"center\">\n<tbody>\n<tr>\n<td colspan=\"2\"><strong>1948-1950<\/strong><em><strong> (Bureau provisoire)<\/strong><\/em><\/td>\n<\/tr>\n<tr>\n<td width=\"32%\"><\/td>\n<td width=\"68%\"><\/td>\n<\/tr>\n<tr>\n<td><em>Pr\u00e9sident<\/em><\/td>\n<td>Hans Nabholz (Suisse)<\/td>\n<\/tr>\n<tr>\n<td><em>Vice-pr\u00e9sidents<\/em><\/td>\n<td>Sir Charles Webster (Grande-Bretagne)<\/td>\n<\/tr>\n<tr>\n<td><\/td>\n<td>Robert Fawtier (France)<\/td>\n<\/tr>\n<tr>\n<td><em>Secr\u00e9taire g\u00e9n\u00e9ral <\/em><\/td>\n<td>Charles Moraz\u00e9 (France)<\/td>\n<\/tr>\n<tr>\n<td><em>Tr\u00e9sorier<\/em><\/td>\n<td>Anton Largiader (Suisse)<\/td>\n<\/tr>\n<tr>\n<td><em>Membres assesseurs <\/em><\/td>\n<td>Axel Lindvald (Danemark)<\/td>\n<\/tr>\n<tr>\n<td><\/td>\n<td>Donald C. McKay (\u00c9tats-Unis)<\/td>\n<\/tr>\n<tr>\n<td><\/td>\n<td>Karel Stloukal (Tch\u00e9coslovaquie)<\/td>\n<\/tr>\n<tr>\n<td><em>Membres conseillers<\/em><\/td>\n<td>Halvdan Koht (Norv\u00e8ge)<\/td>\n<\/tr>\n<tr>\n<td><\/td>\n<td>Waldo G. Leland (\u00c9tats-Unis)<\/td>\n<\/tr>\n<\/tbody>\n<\/table>\n<table width=\"88%\">\n<tbody>\n<tr>\n<td colspan=\"2\"><strong>1950-1955<\/strong><\/td>\n<\/tr>\n<tr>\n<td width=\"32%\"><\/td>\n<td width=\"68%\"><\/td>\n<\/tr>\n<tr>\n<td><em>Pr\u00e9sident<\/em><\/td>\n<td>Robert Fawtier (France)<\/td>\n<\/tr>\n<tr>\n<td><em>Vice-pr\u00e9sidents<\/em><\/td>\n<td>Sir Charles Webster (Grande-Bretagne)<\/td>\n<\/tr>\n<tr>\n<td><\/td>\n<td>Nils Ahnlund (Su\u00e8de)<\/td>\n<\/tr>\n<tr>\n<td><em>Secr\u00e9taire g\u00e9n\u00e9ral <\/em><\/td>\n<td>Michel Fran\u00e7ois (France)<\/td>\n<\/tr>\n<tr>\n<td valign=\"top\"><em>Tr\u00e9sorier<\/em><\/td>\n<td>Anton Largiader (Suisse),<br \/>\npuis Louis Junod (Suisse) [1952]<\/td>\n<\/tr>\n<tr>\n<td><em>Membres assesseurs <\/em><\/td>\n<td>Donald C. McKay (\u00c9tats-Unis)<\/td>\n<\/tr>\n<tr>\n<td><\/td>\n<td>Franz Van Kalken (Belgique)<\/td>\n<\/tr>\n<tr>\n<td><\/td>\n<td>Heinrich-Felix Schmid (Autriche)<\/td>\n<\/tr>\n<tr>\n<td><\/td>\n<td>Silvio Zavala (Mexique)<\/td>\n<\/tr>\n<tr>\n<td><\/td>\n<td>Luigi Salvatorelli (Italie)<br \/>\npuis Federico Chabod (Italie) [1952]<\/td>\n<\/tr>\n<tr>\n<td><em>Membres conseillers<\/em><\/td>\n<td>Halvdan Koht (Norv\u00e8ge)<\/td>\n<\/tr>\n<tr>\n<td><\/td>\n<td>Waldo G. Leland (\u00c9tats-Unis)<\/td>\n<\/tr>\n<tr>\n<td><\/td>\n<td>Hans Nabholz (Suisse)<\/td>\n<\/tr>\n<\/tbody>\n<\/table>\n<table width=\"88%\">\n<tbody>\n<tr>\n<td colspan=\"2\"><strong>1955-1960<\/strong><\/td>\n<\/tr>\n<tr>\n<td width=\"32%\"><\/td>\n<td width=\"68%\"><\/td>\n<\/tr>\n<tr>\n<td><em>Pr\u00e9sident<\/em><\/td>\n<td>Federico Chabod (Italie)<\/td>\n<\/tr>\n<tr>\n<td><em>Vice-pr\u00e9sidents<\/em><\/td>\n<td>Sir Charles Webster (Grande-Bretagne)<\/td>\n<\/tr>\n<tr>\n<td><\/td>\n<td>Nils Ahnlund (Su\u00e8de)<br \/>\npuis Torvald H\u00f6jer (Su\u00e8de) [1957]<\/td>\n<\/tr>\n<tr>\n<td><em>Secr\u00e9taire g\u00e9n\u00e9ral <\/em><\/td>\n<td>Michel Fran\u00e7ois (France)<\/td>\n<\/tr>\n<tr>\n<td valign=\"top\"><em>Tr\u00e9sorier<\/em><\/td>\n<td>Louis Junod (Suisse)<\/td>\n<\/tr>\n<tr>\n<td><em>Membres assesseurs <\/em><\/td>\n<td>Donald C. McKay (\u00c9tats-Unis)<\/td>\n<\/tr>\n<tr>\n<td><\/td>\n<td>Isaac J. Brugmans (Pays-Bas)<\/td>\n<\/tr>\n<tr>\n<td><\/td>\n<td>Ana Mikhailowna Pankratova (URSS),<br \/>\npuis Aleksandr A. Guber [1957]<\/td>\n<\/tr>\n<tr>\n<td><\/td>\n<td>Gerhard Ritter (RFA)<\/td>\n<\/tr>\n<tr>\n<td><\/td>\n<td>Heinrich-Felix Schmid (Autriche)<\/td>\n<\/tr>\n<tr>\n<td><em>Membres conseillers<\/em><\/td>\n<td>Halvdan Koht (Norv\u00e8ge)<\/td>\n<\/tr>\n<tr>\n<td><\/td>\n<td>Waldo G. Leland (\u00c9tats-Unis)<\/td>\n<\/tr>\n<tr>\n<td><\/td>\n<td>Hans Nabholz (Suisse)<\/td>\n<\/tr>\n<tr>\n<td><\/td>\n<td>Robert Fawtier (France)<\/td>\n<\/tr>\n<\/tbody>\n<\/table>\n<table width=\"88%\">\n<tbody>\n<tr>\n<td colspan=\"2\"><strong>1960-1965<\/strong><\/td>\n<\/tr>\n<tr>\n<td width=\"32%\"><\/td>\n<td width=\"68%\"><\/td>\n<\/tr>\n<tr>\n<td><em>Pr\u00e9sident<\/em><\/td>\n<td>Heinrich-Felix Schmid (Autriche) \u2020 1963<\/td>\n<\/tr>\n<tr>\n<td valign=\"top\"><em>Vice-pr\u00e9sidents<\/em><\/td>\n<td>Torvald H\u00f6jer (Su\u00e8de),<br \/>\npuis Gerhard Ritter (RFA) [1962]<\/td>\n<\/tr>\n<tr>\n<td><\/td>\n<td>Aleksandr A. Guber (URSS)<\/td>\n<\/tr>\n<tr>\n<td><em>Secr\u00e9taire g\u00e9n\u00e9ral <\/em><\/td>\n<td>Michel Fran\u00e7ois (France)<\/td>\n<\/tr>\n<tr>\n<td valign=\"top\"><em>Tr\u00e9sorier<\/em><\/td>\n<td>Louis Junod (Suisse)<\/td>\n<\/tr>\n<tr>\n<td valign=\"top\"><em>Membres assesseurs <\/em><\/td>\n<td>Gerhard Ritter (RFA),<br \/>\npuis Raffaello Morghen (Italie) [1962]<\/td>\n<\/tr>\n<tr>\n<td><\/td>\n<td>Ramon Carande y Thovar (Espagne)<\/td>\n<\/tr>\n<tr>\n<td><\/td>\n<td>Paul Harsin (Belgique)<\/td>\n<\/tr>\n<tr>\n<td><\/td>\n<td>Ernest F. Jacob (Grande-Bretagne)<\/td>\n<\/tr>\n<tr>\n<td><\/td>\n<td>Boyd C. Shafer (\u00c9tats-Unis)<\/td>\n<\/tr>\n<tr>\n<td><\/td>\n<td>Kohachiro Takahashi (Japon)<\/td>\n<\/tr>\n<tr>\n<td><em>Membre conseiller<\/em><\/td>\n<td>Robert Fawtier (France)<\/td>\n<\/tr>\n<\/tbody>\n<\/table>\n<table width=\"88%\">\n<tbody>\n<tr>\n<td colspan=\"2\"><strong>1965-1970<\/strong><\/td>\n<\/tr>\n<tr>\n<td width=\"32%\"><\/td>\n<td width=\"68%\"><\/td>\n<\/tr>\n<tr>\n<td><em>Pr\u00e9sident<\/em><\/td>\n<td>Paul Harsin (Belgique)<\/td>\n<\/tr>\n<tr>\n<td valign=\"top\"><em>Vice-pr\u00e9sidents<\/em><\/td>\n<td>Aleksandr A. Guber (URSS)<\/td>\n<\/tr>\n<tr>\n<td><\/td>\n<td>Boyd C. Shafer (\u00c9tats-Unis)<\/td>\n<\/tr>\n<tr>\n<td><em>Secr\u00e9taire g\u00e9n\u00e9ral <\/em><\/td>\n<td>Michel Fran\u00e7ois (France)<\/td>\n<\/tr>\n<tr>\n<td valign=\"top\"><em>Tr\u00e9sorier<\/em><\/td>\n<td>Louis Junod (Suisse),<br \/>\npuis Jean-Charles Biaudet (Suisse) [1967]<\/td>\n<\/tr>\n<tr>\n<td><em>Membres assesseurs <\/em><\/td>\n<td>Friedrich Engel-Janosi (Autriche)<\/td>\n<\/tr>\n<tr>\n<td><\/td>\n<td>Aleksander Gieysztor (Pologne)<\/td>\n<\/tr>\n<tr>\n<td><\/td>\n<td>Ernest F. Jacob (Grande-Bretagne)<\/td>\n<\/tr>\n<tr>\n<td><\/td>\n<td>Raffaello Morghen (Italie)<\/td>\n<\/tr>\n<tr>\n<td><\/td>\n<td>Jiorjio Tadic (Yougoslavie)<\/td>\n<\/tr>\n<tr>\n<td><\/td>\n<td>Kohachiro Takahashi (Japon)<\/td>\n<\/tr>\n<tr>\n<td><em>Membre conseiller<\/em><\/td>\n<td>Robert Fawtier (France) \u2020 1966<\/td>\n<\/tr>\n<\/tbody>\n<\/table>\n<table width=\"88%\">\n<tbody>\n<tr>\n<td colspan=\"2\"><strong>1970-1975<\/strong><\/td>\n<\/tr>\n<tr>\n<td width=\"32%\"><\/td>\n<td width=\"68%\"><\/td>\n<\/tr>\n<tr>\n<td valign=\"top\"><em>Pr\u00e9sident<\/em><\/td>\n<td>Aleksandr A. Guber (URSS) \u2020 1971,<br \/>\npuis Evgenij M. Joukov (URSS)<\/td>\n<\/tr>\n<tr>\n<td valign=\"top\"><em>Vice-pr\u00e9sidents<\/em><\/td>\n<td>Boyd C. Shafer (\u00c9tats-Unis)<\/td>\n<\/tr>\n<tr>\n<td><\/td>\n<td>Karl Dietrich Erdmann (RFA)<\/td>\n<\/tr>\n<tr>\n<td><em>Secr\u00e9taire g\u00e9n\u00e9ral <\/em><\/td>\n<td>Michel Fran\u00e7ois (France)<\/td>\n<\/tr>\n<tr>\n<td valign=\"top\"><em>Tr\u00e9sorier<\/em><\/td>\n<td>Jean-Charles Biaudet (Suisse)<\/td>\n<\/tr>\n<tr>\n<td><em>Membres assesseurs <\/em><\/td>\n<td>Kohachiro Takahashi (Japon)<\/td>\n<\/tr>\n<tr>\n<td><\/td>\n<td>Aleksander Gieysztor (Pologne)<\/td>\n<\/tr>\n<tr>\n<td><\/td>\n<td>Miguel Batllori (Espagne)<\/td>\n<\/tr>\n<tr>\n<td><\/td>\n<td>Mihai Berza (Roumanie)<\/td>\n<\/tr>\n<tr>\n<td><\/td>\n<td>Lewis Hertzman (Canada)<\/td>\n<\/tr>\n<tr>\n<td><\/td>\n<td>Folke Lindberg (Su\u00e8de)<\/td>\n<\/tr>\n<tr>\n<td><em>Membre conseiller<\/em><\/td>\n<td>Paul Harsin (Belgique)<\/td>\n<\/tr>\n<\/tbody>\n<\/table>\n<table width=\"88%\">\n<tbody>\n<tr>\n<td colspan=\"2\"><strong>1975-1980<\/strong><\/td>\n<\/tr>\n<tr>\n<td width=\"32%\"><\/td>\n<td width=\"68%\"><\/td>\n<\/tr>\n<tr>\n<td><em>Pr\u00e9sident<\/em><\/td>\n<td>Karl Dietrich Erdmann (RFA)<\/td>\n<\/tr>\n<tr>\n<td valign=\"top\"><em>Vice-pr\u00e9sidents<\/em><\/td>\n<td>Aleksander Gieysztor (Pologne)<\/td>\n<\/tr>\n<tr>\n<td><\/td>\n<td>Gordon Craig (\u00c9tats-Unis)<\/td>\n<\/tr>\n<tr>\n<td><em>Secr\u00e9taire g\u00e9n\u00e9ral <\/em><\/td>\n<td>Michel Fran\u00e7ois (France)<\/td>\n<\/tr>\n<tr>\n<td valign=\"top\"><em>Tr\u00e9sorier<\/em><\/td>\n<td>Jean-Charles Biaudet (Suisse)<\/td>\n<\/tr>\n<tr>\n<td><em>Membres assesseurs <\/em><\/td>\n<td>Miguel Batllori Munn\u00e9 (Espagne)<\/td>\n<\/tr>\n<tr>\n<td><\/td>\n<td>Mihai Berza (Roumanie)<\/td>\n<\/tr>\n<tr>\n<td><\/td>\n<td>Lewis Hertzman (Canada)<\/td>\n<\/tr>\n<tr>\n<td><\/td>\n<td>Satish Chandra (Inde)<\/td>\n<\/tr>\n<tr>\n<td><\/td>\n<td>Kare T\u00f8nnesson (Norv\u00e8ge)<\/td>\n<\/tr>\n<tr>\n<td><\/td>\n<td>Domenico Demarco (Italie)<\/td>\n<\/tr>\n<tr>\n<td valign=\"top\"><em>Membres conseillers<\/em><\/td>\n<td>Paul Harsin (Belgique)<br \/>\nEvgenij M. Joukov (URSS) \u2020 1980<\/td>\n<\/tr>\n<\/tbody>\n<\/table>\n<table width=\"88%\">\n<tbody>\n<tr>\n<td colspan=\"2\"><strong>1980-1985<\/strong><\/td>\n<\/tr>\n<tr>\n<td width=\"32%\"><\/td>\n<td width=\"68%\"><\/td>\n<\/tr>\n<tr>\n<td><em>Pr\u00e9sident<\/em><\/td>\n<td>Aleksander Gieysztor (Pologne)<\/td>\n<\/tr>\n<tr>\n<td valign=\"top\"><em>Vice-pr\u00e9sidents<\/em><\/td>\n<td>Gordon Craig (\u00c9tats-Unis)<\/td>\n<\/tr>\n<tr>\n<td><\/td>\n<td>Domenico Demarco (Italie)<\/td>\n<\/tr>\n<tr>\n<td><em>Secr\u00e9taire g\u00e9n\u00e9ral <\/em><\/td>\n<td>H\u00e9l\u00e8ne Ahrweiler (France)<\/td>\n<\/tr>\n<tr>\n<td valign=\"top\"><em>Tr\u00e9sorier<\/em><\/td>\n<td>Alain Dubois (Suisse)<\/td>\n<\/tr>\n<tr>\n<td><em>Membres assesseurs <\/em><\/td>\n<td>Satish Chandra (Inde)<\/td>\n<\/tr>\n<tr>\n<td><\/td>\n<td>Kare T\u00f8nnesson (Norv\u00e8ge)<\/td>\n<\/tr>\n<tr>\n<td><\/td>\n<td>Theodore C. Barker (Grande-Bretagne)<\/td>\n<\/tr>\n<tr>\n<td><\/td>\n<td>Ernesto de la Torre Villar (Mexique)<\/td>\n<\/tr>\n<tr>\n<td><\/td>\n<td>Gy\u00f6rgy Ranki (Hongrie)<\/td>\n<\/tr>\n<tr>\n<td><\/td>\n<td>Sergej L. Tikhvinsky (URSS)<\/td>\n<\/tr>\n<tr>\n<td valign=\"top\"><em>Membres conseillers<\/em><\/td>\n<td>Karl Dietrich Erdmann (Allemagne)<br \/>\nMichel Fran\u00e7ois \u2020 1981<\/td>\n<\/tr>\n<\/tbody>\n<\/table>\n<table width=\"88%\">\n<tbody>\n<tr>\n<td colspan=\"2\"><strong>1985-1990<\/strong><\/td>\n<\/tr>\n<tr>\n<td width=\"32%\"><\/td>\n<td width=\"68%\"><\/td>\n<\/tr>\n<tr>\n<td><em>Pr\u00e9sident<\/em><\/td>\n<td>Ernesto de la Torre Villar (Mexique)<\/td>\n<\/tr>\n<tr>\n<td valign=\"top\"><em>Vice-pr\u00e9sidents<\/em><\/td>\n<td>Gy\u00f6rgy Ranki (Hongrie)<\/td>\n<\/tr>\n<tr>\n<td><\/td>\n<td>Theodore C. Barker (Grande-Bretagne)<\/td>\n<\/tr>\n<tr>\n<td><em>Secr\u00e9taire g\u00e9n\u00e9ral <\/em><\/td>\n<td>H\u00e9l\u00e8ne Ahrweiler (France)<\/td>\n<\/tr>\n<tr>\n<td valign=\"top\"><em>Tr\u00e9sorier<\/em><\/td>\n<td>Alain Dubois (Suisse)<\/td>\n<\/tr>\n<tr>\n<td><em>Membres assesseurs <\/em><\/td>\n<td>Eloy Benito Ruano (Espagne)<\/td>\n<\/tr>\n<tr>\n<td><\/td>\n<td>Carl N. Degler (\u00c9tats-Unis)<\/td>\n<\/tr>\n<tr>\n<td><\/td>\n<td>Joachim Herrmann (RDA)<\/td>\n<\/tr>\n<tr>\n<td><\/td>\n<td>Masaki Miyake (Japon)<\/td>\n<\/tr>\n<tr>\n<td><\/td>\n<td>Saiyid Nurul Hasan (Inde)<\/td>\n<\/tr>\n<tr>\n<td><\/td>\n<td>Sergej L. Tikhvinsky (URSS)<\/td>\n<\/tr>\n<tr>\n<td valign=\"top\"><em>Membres conseillers<\/em><\/td>\n<td>Karl Dietrich Erdmann (Allemagne)<br \/>\nAleksander Gieysztor (Pologne)<\/td>\n<\/tr>\n<\/tbody>\n<\/table>\n<table width=\"88%\">\n<tbody>\n<tr>\n<td colspan=\"2\"><strong>1990-1995<\/strong><\/td>\n<\/tr>\n<tr>\n<td width=\"32%\"><\/td>\n<td width=\"68%\"><\/td>\n<\/tr>\n<tr>\n<td><em>Pr\u00e9sident<\/em><\/td>\n<td>Theodore C. Barker (Grande-Bretagne)<\/td>\n<\/tr>\n<tr>\n<td valign=\"top\"><em>Vice-pr\u00e9sidents<\/em><\/td>\n<td>Ivan T. Berend (\u00c9tats-Unis)<\/td>\n<\/tr>\n<tr>\n<td><\/td>\n<td>Eloy Benito Ruano (Espagne)<\/td>\n<\/tr>\n<tr>\n<td><em>Secr\u00e9taire g\u00e9n\u00e9ral <\/em><\/td>\n<td>Fran\u00e7ois B\u00e9darida (France)<\/td>\n<\/tr>\n<tr>\n<td valign=\"top\"><em>Tr\u00e9sorier<\/em><\/td>\n<td>Alain Dubois (Suisse)<\/td>\n<\/tr>\n<tr>\n<td><em>Membres assesseurs <\/em><\/td>\n<td>Natalie Zemon Davis (\u00c9tats-Unis)<\/td>\n<\/tr>\n<tr>\n<td><\/td>\n<td>Joachim Herrmann (Allemagne)<\/td>\n<\/tr>\n<tr>\n<td><\/td>\n<td>Joannis Karayannopoulos (Gr\u00e8ce)<\/td>\n<\/tr>\n<tr>\n<td><\/td>\n<td>Masaki Miyake (Japon)<\/td>\n<\/tr>\n<tr>\n<td><\/td>\n<td>Saiyid Nurul Hasan (Inde) \u2020 1993,<br \/>\npuis Satish Chandra<\/td>\n<\/tr>\n<tr>\n<td><\/td>\n<td>Alexander O. Tchoubarian (Russie)<\/td>\n<\/tr>\n<tr>\n<td valign=\"top\"><em>Membres conseillers<\/em><\/td>\n<td>Aleksander Gieysztor (Pologne)<br \/>\nErnesto de la Torre Villar (Mexique)<\/td>\n<\/tr>\n<\/tbody>\n<\/table>\n<table width=\"88%\">\n<tbody>\n<tr>\n<td colspan=\"2\"><strong>1995-2000<\/strong><\/td>\n<\/tr>\n<tr>\n<td width=\"32%\"><\/td>\n<td width=\"68%\"><\/td>\n<\/tr>\n<tr>\n<td><em>Pr\u00e9sident<\/em><\/td>\n<td>Ivan T. Berend (\u00c9tats-Unis)<\/td>\n<\/tr>\n<tr>\n<td valign=\"top\"><em>Vice-pr\u00e9sidents<\/em><\/td>\n<td>Natalie Zemon Davis (\u00c9tats-Unis)<\/td>\n<\/tr>\n<tr>\n<td><\/td>\n<td>Alexander O. Tchoubarian (Russie)<\/td>\n<\/tr>\n<tr>\n<td><em>Secr\u00e9taire g\u00e9n\u00e9ral <\/em><\/td>\n<td>Fran\u00e7ois B\u00e9darida (France)<\/td>\n<\/tr>\n<tr>\n<td valign=\"top\"><em>Tr\u00e9sorier<\/em><\/td>\n<td>Pierre Ducrey (Suisse)<\/td>\n<\/tr>\n<tr>\n<td valign=\"top\"><em>Membres assesseurs <\/em><\/td>\n<td>Girolamo Arnaldi (Italie),<br \/>\npuis Rosario Villari [1998]<\/td>\n<\/tr>\n<tr>\n<td><\/td>\n<td>J\u00fcrgen Kocka (Allemagne)<\/td>\n<\/tr>\n<tr>\n<td><\/td>\n<td>Ravinder Kumar (Inde),<br \/>\npuis Romila Thapar [1998]<\/td>\n<\/tr>\n<tr>\n<td><\/td>\n<td>Hiroyuki Ninomiya (Japon)<\/td>\n<\/tr>\n<tr>\n<td><\/td>\n<td>Eva \u00d6sterberg (Su\u00e8de)<\/td>\n<\/tr>\n<tr>\n<td><\/td>\n<td>Jean-Claude Robert (Canada)<\/td>\n<\/tr>\n<tr>\n<td valign=\"top\"><em>Membres conseillers<\/em><\/td>\n<td>Theodore C. Barker (Grande-Bretagne)<br \/>\nErnesto de la Torre Villar (Mexique)<\/td>\n<\/tr>\n<tr>\n<td valign=\"top\"><em>Membre conseiller honoraire<\/em><\/td>\n<td valign=\"bottom\">Aleksander Gieysztor (Pologne) \u2020 1999<\/td>\n<\/tr>\n<\/tbody>\n<\/table>\n<table width=\"88%\">\n<tbody>\n<tr>\n<td colspan=\"2\"><strong>2000-2005<\/strong><\/td>\n<\/tr>\n<tr>\n<td width=\"32%\"><\/td>\n<td width=\"68%\"><\/td>\n<\/tr>\n<tr>\n<td><em>Pr\u00e9sident<\/em><\/td>\n<td>J\u00fcrgen Kocka (Allemagne)<\/td>\n<\/tr>\n<tr>\n<td valign=\"top\"><em>Vice-pr\u00e9sidents<\/em><\/td>\n<td>Eva \u00d6sterberg (Su\u00e8de)<\/td>\n<\/tr>\n<tr>\n<td><\/td>\n<td>Romila Thapar (Inde)<\/td>\n<\/tr>\n<tr>\n<td><em>Secr\u00e9taire g\u00e9n\u00e9ral <\/em><\/td>\n<td>Jean-Claude Robert (Canada)<\/td>\n<\/tr>\n<tr>\n<td valign=\"top\"><em>Tr\u00e9sorier<\/em><\/td>\n<td>Pierre Ducrey (Suisse)<\/td>\n<\/tr>\n<tr>\n<td valign=\"top\"><em>Membres assesseurs <\/em><\/td>\n<td>Gregory Bongard-Levin (Russie)<\/td>\n<\/tr>\n<tr>\n<td><\/td>\n<td>Catherine Coquery-Vidrovitch (France)<\/td>\n<\/tr>\n<tr>\n<td><\/td>\n<td>Michael Heyd (Isra\u00ebl)<\/td>\n<\/tr>\n<tr>\n<td><\/td>\n<td>William Chester Jordan (\u00c9tats-Unis)<\/td>\n<\/tr>\n<tr>\n<td><\/td>\n<td>Koichi Kabayama (Japon)<\/td>\n<\/tr>\n<tr>\n<td><\/td>\n<td>Jos\u00e9 Luis Peset (Espagne)<\/td>\n<\/tr>\n<tr>\n<td valign=\"top\"><em>Membres conseillers<\/em><\/td>\n<td>Theodore C. Barker (Grande-Bretagne) \u2020 2001<br \/>\nIvan T. Berend (\u00c9tats-Unis)<\/td>\n<\/tr>\n<\/tbody>\n<\/table>\n<table width=\"88%\">\n<tbody>\n<tr>\n<td colspan=\"2\"><strong>2005-2010<\/strong><\/td>\n<\/tr>\n<tr>\n<td width=\"32%\"><\/td>\n<td width=\"68%\"><\/td>\n<\/tr>\n<tr>\n<td><em>Pr\u00e9sident<\/em><\/td>\n<td>Jos\u00e9 Luis Peset (Espagne)<\/td>\n<\/tr>\n<tr>\n<td valign=\"top\"><em>Vice-pr\u00e9sidents<\/em><\/td>\n<td>Koichi Kabayama (Japon)<\/td>\n<\/tr>\n<tr>\n<td><\/td>\n<td>William Chester Jordan (\u00c9tats-Unis)<\/td>\n<\/tr>\n<tr>\n<td><em>Secr\u00e9taire g\u00e9n\u00e9ral <\/em><\/td>\n<td>Jean-Claude Robert (Canada)<\/td>\n<\/tr>\n<tr>\n<td valign=\"top\"><em>Tr\u00e9sorier<\/em><\/td>\n<td>Pierre Ducrey (Suisse)<br \/>\npuis Laurent Tissot (Suisse) [2008]<\/td>\n<\/tr>\n<tr>\n<td valign=\"top\"><em>Membres assesseurs <\/em><\/td>\n<td>Shahid Amin (Inde)<\/td>\n<\/tr>\n<tr>\n<td><\/td>\n<td>Sorin Antohi (Hongrie)<br \/>\npuis Roger Chartier (France) [2007]<\/td>\n<\/tr>\n<tr>\n<td><\/td>\n<td>Michael Bibikov (Russie)<\/td>\n<\/tr>\n<tr>\n<td><\/td>\n<td>Michael Heyd (Isra\u00ebl)<\/td>\n<\/tr>\n<tr>\n<td><\/td>\n<td>Marjatta Hietala (Finlande)<\/td>\n<\/tr>\n<tr>\n<td><\/td>\n<td>Hilda Sabato (Argentine)<\/td>\n<\/tr>\n<tr>\n<td valign=\"top\"><em>Membre conseiller<\/em><\/td>\n<td>J\u00fcrgen Kocka (Allemagne)<\/td>\n<\/tr>\n<\/tbody>\n<\/table>\n<p><a href=\"https:\/\/www.cish.org\/index.php\/en\/presentation\/archives-history\/board-2010-2015\/\">Board 2010-2015<\/a><\/p>\n","protected":false},"excerpt":{"rendered":"<p>1926 (Bureau provisoire) Pr\u00e9sident Halvdan Koht (Norv\u00e8ge) Vice-pr\u00e9sidents Henri Pirenne (Belgique) Alfons Dopsch (Autriche) Secr\u00e9taire g\u00e9n\u00e9ral Michel Lh\u00e9ritier (France) Tr\u00e9sorier Waldo G. Leland (\u00c9tats-Unis) Membres assesseurs Friedrich Meinecke (Allemagne) puis Karl Brandi (Allemagne) Harold W. V. Temperley (Grande-Bretagne) Gaetano De Sanctis (Italie) Bronislaw Dembinski (Pologne) 1928-1933 Pr\u00e9sident Halvdan Koht (Norv\u00e8ge) Vice-pr\u00e9sidents Alfons Dopsch (Autriche) Bronislaw [&hellip;]<\/p>\n","protected":false},"author":3,"featured_media":0,"parent":495,"menu_order":0,"comment_status":"closed","ping_status":"closed","template":"","meta":{"footnotes":""},"class_list":["post-607","page","type-page","status-publish","hentry"],"_links":{"self":[{"href":"https:\/\/www.cish.org\/index.php\/wp-json\/wp\/v2\/pages\/607","targetHints":{"allow":["GET"]}}],"collection":[{"href":"https:\/\/www.cish.org\/index.php\/wp-json\/wp\/v2\/pages"}],"about":[{"href":"https:\/\/www.cish.org\/index.php\/wp-json\/wp\/v2\/types\/page"}],"author":[{"embeddable":true,"href":"https:\/\/www.cish.org\/index.php\/wp-json\/wp\/v2\/users\/3"}],"replies":[{"embeddable":true,"href":"https:\/\/www.cish.org\/index.php\/wp-json\/wp\/v2\/comments?post=607"}],"version-history":[{"count":3,"href":"https:\/\/www.cish.org\/index.php\/wp-json\/wp\/v2\/pages\/607\/revisions"}],"predecessor-version":[{"id":1316,"href":"https:\/\/www.cish.org\/index.php\/wp-json\/wp\/v2\/pages\/607\/revisions\/1316"}],"up":[{"embeddable":true,"href":"https:\/\/www.cish.org\/index.php\/wp-json\/wp\/v2\/pages\/495"}],"wp:attachment":[{"href":"https:\/\/www.cish.org\/index.php\/wp-json\/wp\/v2\/media?parent=607"}],"curies":[{"name":"wp","href":"https:\/\/api.w.org\/{rel}","templated":true}]}}