{"id":504,"date":"2015-09-22T18:40:06","date_gmt":"2015-09-22T17:40:06","guid":{"rendered":"http:\/\/www.cish.org\/?page_id=504"},"modified":"2025-05-07T15:13:22","modified_gmt":"2025-05-07T14:13:22","slug":"general-assemblies","status":"publish","type":"page","link":"https:\/\/www.cish.org\/index.php\/en\/presentation\/general-assemblies\/","title":{"rendered":"General Assemblies"},"content":{"rendered":"<p><strong class=\"\">TOKYO \u2013 25 October 2024<\/strong><\/p>\n<ul>\n<li><a href=\"https:\/\/www.cish.org\/wp-content\/uploads\/2025\/05\/2024-minutes-CISH-General-Assembly-Tokyo-2024-10-25-without-appendix-of-documents1.pdf\" target=\"_blank\" rel=\"noopener\">General Assembly, Tokyo, 25 October 2024, Minutes<\/a><\/li>\n<\/ul>\n<p class=\"\"><strong class=\"\">MOSCOW \u2013 29-30 September 2017<\/strong><\/p>\n<ul class=\"\">\n<li class=\"\"><a href=\"https:\/\/www.cish.org\/wp-content\/uploads\/2021\/04\/Proceedings-General-Assembly-Moscow-2017.pdf\">General Assemblies Moscow, 29-30 September 2017<\/a><\/li>\n<\/ul>\n<p><strong>JINAN 2015 \u2013\u00a0 22-29 August 2015<\/strong><\/p>\n<ul>\n<li><a href=\"https:\/\/www.cish.org\/wp-content\/uploads\/2015\/09\/Assembl%C3%A9e-G%C3%A9n%C3%A9rale-Jinan-23-ao%C3%BBt-2015.pdf\" rel=\"\">General Assembly Jinan, 23 August 2015<\/a><\/li>\n<li><a href=\"https:\/\/www.cish.org\/wp-content\/uploads\/2015\/09\/Assembl\u00e9e-G\u00e9n\u00e9rale-Jinan-29-ao\u00fbt-2015.pdf\" rel=\"\">General Assembly, Jinan, 29 August 2015<\/a><\/li>\n<\/ul>\n<p><strong><span class=\"Style2\">BUDAPEST 2012 <strong>\u2013<\/strong> 6-8 septembre 2012 <\/span><\/strong><\/p>\n<ul>\n<li><a href=\"https:\/\/www.cish.org\/wp-content\/uploads\/2015\/09\/AG-BUDAPEST-CR-FINAL.pdf\">Report <\/a><\/li>\n<li><a href=\"https:\/\/www.cish.org\/wp-content\/uploads\/2015\/09\/Programme_Congres.pdf\">List of proposals for the XXII Congress of ISCH &#8211;\u00a0Jinan 2015 &#8211; approved by the General Assemblee<\/a><\/li>\n<li><a href=\"https:\/\/www.cish.org\/index.php\/fr\/congres-et-autres-rencontres\/colloques-et-symposiums\/migration-history-european-and-transatlantic-perspectives\/\">Programme of the symposium organised on 6th septembre about the <span lang=\"EN-GB\">Migration History: European and Transatlantic Perspectives<\/span><\/a><\/li>\n<li><a href=\"http:\/\/www.hunghist.org\/index.php\/issue-current\/79-hhr-issue\/110-volume-1-issue-3-4-2012\">Related Publication: Migration History<\/a><\/li>\n<\/ul>\n<p><strong>\u00a0 2010 &#8211; Amsterdam<\/strong><\/p>\n<ul>\n<li><a href=\"https:\/\/www.cish.org\/wp-content\/uploads\/2015\/09\/EN-Assembly-Amsterdam-26082010.pdf\">General Assembly, 26 August<\/a><\/li>\n<li><a href=\"https:\/\/www.cish.org\/wp-content\/uploads\/2015\/09\/EN-Assembly-Amsterdam-22082010.pdf\">General Assembly, 22 August <\/a><\/li>\n<\/ul>\n<p><strong>2007 <\/strong>&#8211; <strong>Beijing<\/strong><\/p>\n<ul>\n<li><a href=\"https:\/\/www.cish.org\/wp-content\/uploads\/2015\/09\/EN-Assembly-Beijing-sept2007.pdf\">General Assembly, 17 and 18 September<\/a><\/li>\n<li><a href=\"https:\/\/www.cish.org\/wp-content\/uploads\/2015\/09\/EN-Assembly-Expansion_Beijing-sept2007.pdf\">Subcommittee on the Expansion of ICHS<\/a><\/li>\n<li><a href=\"https:\/\/www.cish.org\/wp-content\/uploads\/2015\/09\/EN-Assembly-Programme_Beijing-sept2007.pdf\">Subcommittee on the Program of the Congress, Preliminary Report<\/a><\/li>\n<\/ul>\n<p><strong>2005<\/strong> &#8211; <strong>Sydney<\/strong><\/p>\n<ul>\n<li><a href=\"https:\/\/www.cish.org\/wp-content\/uploads\/2015\/09\/EN-Assembly-Sydney-07072005.pdf\">General Assembly, July 7 <\/a><\/li>\n<li><a href=\"https:\/\/www.cish.org\/wp-content\/uploads\/2015\/09\/EN-Assembly-Sydney-03072005.pdf\">General Assembly, July 3<\/a><\/li>\n<\/ul>\n<p><strong>2002 &#8211; Amsterdam<\/strong><\/p>\n<ul>\n<li><a href=\"https:\/\/www.cish.org\/wp-content\/uploads\/2015\/09\/EN-Assembly-Amsterdam-092002.pdf\">General Assembly, September 2 and 3<\/a><\/li>\n<\/ul>\n<p><strong>2000 &#8211; Oslo<\/strong><\/p>\n<ul>\n<li><a href=\"https:\/\/www.cish.org\/wp-content\/uploads\/2015\/09\/EN-Assembly-Oslo-10082000.pdf\">General Assembly, August 10<\/a><\/li>\n<li><a href=\"https:\/\/www.cish.org\/wp-content\/uploads\/2015\/09\/EN-Assembly-Oslo-06082000.pdf\">General Assembly, August 6 <\/a><\/li>\n<\/ul>\n\n\n<p><\/p>\n","protected":false},"excerpt":{"rendered":"<p>TOKYO \u2013 25 October 2024 General Assembly, Tokyo, 25 October 2024, Minutes MOSCOW \u2013 29-30 September 2017 General Assemblies Moscow, 29-30 September 2017 JINAN 2015 \u2013\u00a0 22-29 August 2015 General Assembly Jinan, 23 August 2015 General Assembly, Jinan, 29 August 2015 BUDAPEST 2012 \u2013 6-8 septembre 2012 Report List of proposals for the XXII Congress [&hellip;]<\/p>\n","protected":false},"author":3,"featured_media":0,"parent":480,"menu_order":2,"comment_status":"closed","ping_status":"closed","template":"","meta":{"footnotes":""},"class_list":["post-504","page","type-page","status-publish","hentry"],"_links":{"self":[{"href":"https:\/\/www.cish.org\/index.php\/wp-json\/wp\/v2\/pages\/504","targetHints":{"allow":["GET"]}}],"collection":[{"href":"https:\/\/www.cish.org\/index.php\/wp-json\/wp\/v2\/pages"}],"about":[{"href":"https:\/\/www.cish.org\/index.php\/wp-json\/wp\/v2\/types\/page"}],"author":[{"embeddable":true,"href":"https:\/\/www.cish.org\/index.php\/wp-json\/wp\/v2\/users\/3"}],"replies":[{"embeddable":true,"href":"https:\/\/www.cish.org\/index.php\/wp-json\/wp\/v2\/comments?post=504"}],"version-history":[{"count":12,"href":"https:\/\/www.cish.org\/index.php\/wp-json\/wp\/v2\/pages\/504\/revisions"}],"predecessor-version":[{"id":3707,"href":"https:\/\/www.cish.org\/index.php\/wp-json\/wp\/v2\/pages\/504\/revisions\/3707"}],"up":[{"embeddable":true,"href":"https:\/\/www.cish.org\/index.php\/wp-json\/wp\/v2\/pages\/480"}],"wp:attachment":[{"href":"https:\/\/www.cish.org\/index.php\/wp-json\/wp\/v2\/media?parent=504"}],"curies":[{"name":"wp","href":"https:\/\/api.w.org\/{rel}","templated":true}]}}