{"id":46,"date":"2015-09-11T17:39:12","date_gmt":"2015-09-11T16:39:12","guid":{"rendered":"http:\/\/www.cish.org\/?page_id=46"},"modified":"2025-05-07T15:14:18","modified_gmt":"2025-05-07T14:14:18","slug":"assemblees-generales","status":"publish","type":"page","link":"https:\/\/www.cish.org\/index.php\/fr\/page-2\/assemblees-generales\/","title":{"rendered":"Assembl\u00e9es g\u00e9n\u00e9rales"},"content":{"rendered":"<p><strong class=\"\">TOKYO \u2013 25 October 2024<\/strong><\/p>\n<ul>\n<li><a href=\"https:\/\/www.cish.org\/wp-content\/uploads\/2025\/05\/2024-minutes-CISH-General-Assembly-Tokyo-2024-10-25-without-appendix-of-documents1.pdf\" target=\"_blank\" rel=\"noopener\">General Assembly, Tokyo, 25 October 2024, Minutes<\/a><\/li>\n<\/ul>\n<p class=\"\"><strong class=\"\">MOSCOW \u2013 29-30 September 2017<\/strong><\/p>\n<ul class=\"\">\n<li class=\"\"><a href=\"https:\/\/www.cish.org\/wp-content\/uploads\/2021\/04\/Proceedings-General-Assembly-Moscow-2017.pdf\">General Assemblies Moscow, 29-30 September 2017<\/a><\/li>\n<\/ul>\n<h3>JINAN 2015 &#8211; du 22 au 29 ao\u00fbt 2015<\/h3>\n<ul>\n<li><a href=\"https:\/\/www.cish.org\/wp-content\/uploads\/2015\/09\/Assembl%C3%A9e-G%C3%A9n%C3%A9rale-Jinan-29-ao%C3%BBt-2015.pdf\" rel=\"\">Proc\u00e8s verbal de l&#8217;Assembl\u00e9e g\u00e9n\u00e9rale, Jinan, 29 aout 2015<\/a><\/li>\n<li><a href=\"https:\/\/www.cish.org\/wp-content\/uploads\/2015\/09\/Assembl\u00e9e-G\u00e9n\u00e9rale-Jinan-23-ao\u00fbt-2015.pdf\" rel=\"\">Proc\u00e8s verbal de l&#8217;Assembl\u00e9e G\u00e9n\u00e9rale, Jinan, 23 ao\u00fbt 2015<\/a><\/li>\n<\/ul>\n<h3>BUDAPEST 2012 &#8211; du 6 au 8 septembre<\/h3>\n<ul>\n<li><a href=\"https:\/\/www.cish.org\/wp-content\/uploads\/2015\/09\/AG-BUDAPEST-CR-FINAL.pdf\">Compte-rendu AG Budapest 2012<\/a><\/li>\n<li><a href=\"https:\/\/www.cish.org\/wp-content\/uploads\/2015\/09\/Programme_Congres.pdf\">Pr\u00e9paration du XXII\u00e8me Congr\u00e8s du CISH Jinan 2015 &#8211; Listes des th\u00e8mes retenus<\/a><\/li>\n<li><a href=\"https:\/\/www.cish.org\/index.php\/congres-et-autres-rencontres\/colloques-et-symposiums\/migration-history-european-and-transatlantic-perspectives\/\">Programme du colloque<\/a> organis\u00e9 par nos coll\u00e8gues hongrois : &#8220;Migration History: European and Transatlantic Perspectives&#8221; le 6 septembre.<\/li>\n<li><a href=\"http:\/\/www.hunghist.org\/index.php\/issue-current\/79-hhr-issue\/110-volume-1-issue-3-4-2012\">Publication issue du symposium<\/a><\/li>\n<\/ul>\n<h3>ASSEMBL\u00c9ES PR\u00c9C\u00c9DENTES<\/h3>\n<ul>\n<li>\u00a02010 &#8211; Amsterdam &#8211;\u00a0 <a href=\"https:\/\/www.cish.org\/wp-content\/uploads\/2015\/09\/ag-08-10-1.pdf\">Assembl\u00e9e du 22 ao\u00fbt <\/a>&amp; <a href=\"https:\/\/www.cish.org\/wp-content\/uploads\/2015\/09\/ag-08-10-2.pdf\">Assembl\u00e9e du 26 ao\u00fbt<\/a><\/li>\n<li>\u00a02007 &#8211; P\u00e9kin &#8211; <a href=\"https:\/\/www.cish.org\/wp-content\/uploads\/2015\/09\/ag-09-07.pdf\">Assembl\u00e9es des 17 et 18 septembre<\/a>\n<ul>\n<li><a href=\"https:\/\/www.cish.org\/wp-content\/uploads\/2015\/09\/sous-commission-elargissement.pdf\">Sous-commission &#8220;\u00c9largissement du CISH&#8221;<\/a><\/li>\n<li><a href=\"https:\/\/www.cish.org\/wp-content\/uploads\/2015\/09\/sous-commission-programme-congres.pdf\">Sous-commission sur le programme des congr\u00e8s : rapport pr\u00e9liminaire<\/a><\/li>\n<\/ul>\n<\/li>\n<li>\u00a02005 &#8211; Sydney &#8211;\u00a0<a href=\"https:\/\/www.cish.org\/wp-content\/uploads\/2015\/09\/ag-07-05-1.pdf\">Assembl\u00e9e du 3 juillet<\/a> &amp; <a href=\"https:\/\/www.cish.org\/wp-content\/uploads\/2015\/09\/ag-07-05.pdf\">Assembl\u00e9e du 7 juillet<\/a><\/li>\n<li>\u00a02002 &#8211; Amsterdam &#8211; <a href=\"https:\/\/www.cish.org\/wp-content\/uploads\/2015\/09\/ag-09-02.pdf\">Assembl\u00e9es des 2 et 3 septembre<\/a><\/li>\n<li>2000 &#8211; Oslo &#8211;\u00a0<a href=\"https:\/\/www.cish.org\/wp-content\/uploads\/2015\/09\/ag-10-00-1.pdf\">Assembl\u00e9e du 6 ao\u00fbt <\/a> &amp; <a href=\"https:\/\/www.cish.org\/wp-content\/uploads\/2015\/09\/ag-10-00-2.pdf\">Assembl\u00e9e du 10 ao\u00fbt <\/a><\/li>\n<\/ul>\n","protected":false},"excerpt":{"rendered":"<p>TOKYO \u2013 25 October 2024 General Assembly, Tokyo, 25 October 2024, Minutes MOSCOW \u2013 29-30 September 2017 General Assemblies Moscow, 29-30 September 2017 JINAN 2015 &#8211; du 22 au 29 ao\u00fbt 2015 Proc\u00e8s verbal de l&#8217;Assembl\u00e9e g\u00e9n\u00e9rale, Jinan, 29 aout 2015 Proc\u00e8s verbal de l&#8217;Assembl\u00e9e G\u00e9n\u00e9rale, Jinan, 23 ao\u00fbt 2015 BUDAPEST 2012 &#8211; du 6 [&hellip;]<\/p>\n","protected":false},"author":3,"featured_media":0,"parent":24,"menu_order":2,"comment_status":"closed","ping_status":"closed","template":"","meta":{"footnotes":""},"class_list":["post-46","page","type-page","status-publish","hentry"],"_links":{"self":[{"href":"https:\/\/www.cish.org\/index.php\/wp-json\/wp\/v2\/pages\/46","targetHints":{"allow":["GET"]}}],"collection":[{"href":"https:\/\/www.cish.org\/index.php\/wp-json\/wp\/v2\/pages"}],"about":[{"href":"https:\/\/www.cish.org\/index.php\/wp-json\/wp\/v2\/types\/page"}],"author":[{"embeddable":true,"href":"https:\/\/www.cish.org\/index.php\/wp-json\/wp\/v2\/users\/3"}],"replies":[{"embeddable":true,"href":"https:\/\/www.cish.org\/index.php\/wp-json\/wp\/v2\/comments?post=46"}],"version-history":[{"count":15,"href":"https:\/\/www.cish.org\/index.php\/wp-json\/wp\/v2\/pages\/46\/revisions"}],"predecessor-version":[{"id":3708,"href":"https:\/\/www.cish.org\/index.php\/wp-json\/wp\/v2\/pages\/46\/revisions\/3708"}],"up":[{"embeddable":true,"href":"https:\/\/www.cish.org\/index.php\/wp-json\/wp\/v2\/pages\/24"}],"wp:attachment":[{"href":"https:\/\/www.cish.org\/index.php\/wp-json\/wp\/v2\/media?parent=46"}],"curies":[{"name":"wp","href":"https:\/\/api.w.org\/{rel}","templated":true}]}}