{"id":402,"date":"2015-09-20T17:03:58","date_gmt":"2015-09-20T16:03:58","guid":{"rendered":"http:\/\/www.cish.org\/?page_id=402"},"modified":"2015-09-20T17:03:58","modified_gmt":"2015-09-20T16:03:58","slug":"necrologie-hiroyuki-ninomiya","status":"publish","type":"page","link":"https:\/\/www.cish.org\/index.php\/fr\/page-2\/archives-et-histoire\/necrologie-hiroyuki-ninomiya\/","title":{"rendered":"N\u00e9crologie &#8211; Hiroyuki Ninomiya"},"content":{"rendered":"<div align=\"justify\">\n<p align=\"left\">Hiroyuki Ninomiya est n\u00e9 en 1932 et est d\u00e9c\u00e9d\u00e9 le 13\u00a0mars 2006. Apr\u00e8s des \u00e9tudes \u00e0 l\u2019Universit\u00e9 de Tokyo, il poursuivit ses recherches \u00e0 Paris, de 1960 \u00e0 1966. Il s\u2019est int\u00e9ress\u00e9 \u00e0 l\u2019histoire de l\u2019Ancien R\u00e9gime en France et a travaill\u00e9 d\u2019abord sous la direction du professeur Kohachiro Takahashi. \u00c0 Paris, il a suivi les s\u00e9minaires de Jean Meuvret et d\u2019Ernest Labrousse.<\/p>\n<\/div>\n<p align=\"left\">De retour au Japon, il a exerc\u00e9 une influence importante sur l\u2019\u00e9volution de l\u2019historiographie, par son int\u00e9r\u00eat pour les questions \u00e9pist\u00e9mologiques ainsi qu\u2019en faisant conna\u00eetre l\u2019\u00c9cole des Annales et les historiens fran\u00e7ais dans son pays. Comme l\u2019a \u00e9crit Pierre-Fran\u00e7ois Souyri (<em>Le Monde<\/em>, 23\u00a0mars\u00a02006) : \u00ab\u00a0Il contribua par la profondeur de sa r\u00e9flexion \u00e9pist\u00e9mologique et ses nombreuses publications \u00e0 aider les historiens japonais \u00e0 d\u00e9fricher eux-m\u00eames de nouveaux territoires et \u00e0 produire une nouvelle mani\u00e8re d\u2019\u00e9crire l\u2019histoire, plus ouverte aux autres disciplines \u00bb.<\/p>\n<p align=\"left\">Il a particip\u00e9 de longue date aux travaux du CISH, devenant d\u2019abord membre de la Commission internationale d\u2019histoire des mouvements sociaux, dont il sera l\u2019un des vice-pr\u00e9sidents. En 1995, lors du XVIIIe\u00a0Congr\u00e8s International des Sciences historiques de Montr\u00e9al, il est \u00e9lu membre du Bureau et remplit avec diligence un mandat de cinq ans, jusqu\u2019au Congr\u00e8s d\u2019Oslo en 2000. Il a jou\u00e9 un r\u00f4le essentiel pour l\u2019ouverture du CISH vers les pays d\u2019Extr\u00eame-Orient gr\u00e2ce \u00e0 son r\u00e9seau de contacts professionnels. Les membres du Bureau qui l\u2019ont connu se souviendront de son exquise courtoisie, de son ouverture et de ses avis judicieux.<\/p>\n<p align=\"right\"><span lang=\"FR\"><br \/>\nJean-Claude Robert<\/span><\/p>\n","protected":false},"excerpt":{"rendered":"<p>Hiroyuki Ninomiya est n\u00e9 en 1932 et est d\u00e9c\u00e9d\u00e9 le 13\u00a0mars 2006. Apr\u00e8s des \u00e9tudes \u00e0 l\u2019Universit\u00e9 de Tokyo, il poursuivit ses recherches \u00e0 Paris, de 1960 \u00e0 1966. Il s\u2019est int\u00e9ress\u00e9 \u00e0 l\u2019histoire de l\u2019Ancien R\u00e9gime en France et a travaill\u00e9 d\u2019abord sous la direction du professeur Kohachiro Takahashi. \u00c0 Paris, il a suivi [&hellip;]<\/p>\n","protected":false},"author":3,"featured_media":0,"parent":52,"menu_order":0,"comment_status":"closed","ping_status":"closed","template":"","meta":{"footnotes":""},"class_list":["post-402","page","type-page","status-publish","hentry"],"_links":{"self":[{"href":"https:\/\/www.cish.org\/index.php\/wp-json\/wp\/v2\/pages\/402","targetHints":{"allow":["GET"]}}],"collection":[{"href":"https:\/\/www.cish.org\/index.php\/wp-json\/wp\/v2\/pages"}],"about":[{"href":"https:\/\/www.cish.org\/index.php\/wp-json\/wp\/v2\/types\/page"}],"author":[{"embeddable":true,"href":"https:\/\/www.cish.org\/index.php\/wp-json\/wp\/v2\/users\/3"}],"replies":[{"embeddable":true,"href":"https:\/\/www.cish.org\/index.php\/wp-json\/wp\/v2\/comments?post=402"}],"version-history":[{"count":1,"href":"https:\/\/www.cish.org\/index.php\/wp-json\/wp\/v2\/pages\/402\/revisions"}],"predecessor-version":[{"id":403,"href":"https:\/\/www.cish.org\/index.php\/wp-json\/wp\/v2\/pages\/402\/revisions\/403"}],"up":[{"embeddable":true,"href":"https:\/\/www.cish.org\/index.php\/wp-json\/wp\/v2\/pages\/52"}],"wp:attachment":[{"href":"https:\/\/www.cish.org\/index.php\/wp-json\/wp\/v2\/media?parent=402"}],"curies":[{"name":"wp","href":"https:\/\/api.w.org\/{rel}","templated":true}]}}