{"id":398,"date":"2015-09-20T17:01:17","date_gmt":"2015-09-20T16:01:17","guid":{"rendered":"http:\/\/www.cish.org\/?page_id=398"},"modified":"2015-09-20T17:01:17","modified_gmt":"2015-09-20T16:01:17","slug":"necrologie-alain-dubois","status":"publish","type":"page","link":"https:\/\/www.cish.org\/index.php\/fr\/page-2\/archives-et-histoire\/necrologie-alain-dubois\/","title":{"rendered":"N\u00e9crologie &#8211; Alain Dubois"},"content":{"rendered":"<p align=\"left\"><span lang=\"FR\">Alain Dubois s&#8217;est \u00e9teint \u00e0 Lausanne le 29 f\u00e9vrier 2008 des suites d&#8217;une op\u00e9ration chirurgicale cardiaque. Il avait occup\u00e9 le poste de tr\u00e9sorier du CISH et, \u00e0 ce titre, il avait fait partie du \u00ab Bureau restreint \u00bb de 1980 \u00e0 1995. Il a collabor\u00e9 \u00e9troitement avec trois pr\u00e9sidents, les professeurs Alexander Gieysztor, Ernesto de la Torre Villar et Theo Barker et avec deux secr\u00e9taires g\u00e9n\u00e9raux, H\u00e9l\u00e8ne Ahrweiler et Fran\u00e7ois B\u00e9darida. Il joua un r\u00f4le actif dans la refonte des statuts du CISH qui furent adopt\u00e9s \u00e0 Prague le 4 septembre 1992 et a contribu\u00e9 \u00e0 l&#8217;organisation des Congr\u00e8s de Stuttgart (1985), Madrid (1990) et Montr\u00e9al (1995). Alain Dubois a prolong\u00e9 la tradition des tr\u00e9soriers suisses du CISH, le premier, Hans\u00a0Nabholz (Universit\u00e9 de Zurich), ayant exerc\u00e9 ses fonctions de 1933 \u00e0 1938 avant de devenir pr\u00e9sident. Anton Lagiard\u00e9r (Universit\u00e9 de Zurich), tr\u00e9sorier de 1950 \u00e0 1952, eut pour successeurs une s\u00e9rie de tr\u00e9soriers professeurs \u00e0 l&#8217;Universit\u00e9 de Lausanne : Louis Junod (1952-1967), Jean-Charles Biaudet (1967-1980), Alain\u00a0Dubois (1980-1995), enfin Pierre\u00a0Ducrey (1995-2007). Laurent\u00a0Tissot, entr\u00e9 en fonction le 1er janvier 2008, est professeur \u00e0 l&#8217;Universit\u00e9 de Neuch\u00e2tel. Le soussign\u00e9 a eu le privil\u00e8ge de succ\u00e9der \u00e0 Alain Dubois dans deux fonctions, celles de doyen de la Facult\u00e9 des lettres de l&#8217;Universit\u00e9 de Lausanne, puis de tr\u00e9sorier du CISH. Il a toujours appr\u00e9ci\u00e9 sa loyaut\u00e9, son d\u00e9vouement et son esprit d&#8217;ouverture teint\u00e9 d&#8217;une douce ironie.<\/span><\/p>\n<p align=\"left\"><span lang=\"FR\">N\u00e9 \u00e0 Saint-Gall en 1932, en Suisse germanophone, de parents francophones, Alain Dubois effectue sa scolarit\u00e9 en allemand tout en \u00e9tant de langue maternelle fran\u00e7aise. Son bilinguisme lui permettra par la suite de tisser des ponts entre divers bassins culturels. Il ach\u00e8ve ses \u00e9tudes de lettres \u00e0 l&#8217;Universit\u00e9 de Zurich par une th\u00e8se de doctorat dans le domaine de l&#8217;histoire \u00e9conomique. Son ouvrage majeur (\u00ab Die Salzversorgung des Wallis 1500-1610. Wirtschaft und Politik \u00bb, 1965, 750 pages), traite d&#8217;une mati\u00e8re premi\u00e8re essentielle en milieu alpin, le sel. \u00c0 sa lecture, on entre de plain pied dans l&#8217;histoire \u00ab globale \u00bb, \u00e9conomique, sociale, mais aussi diplomatique et politique. Le sel fera non seulement la fortune mais aussi la puissance politique des \u00e9lites locales, les Stockalper et Mageran.<\/span><\/p>\n<p align=\"left\"><span lang=\"FR\">Alain Dubois est nomm\u00e9 professeur d&#8217;histoire \u00ab moderne g\u00e9n\u00e9rale et suisse \u00bb (XVIe-XVIIIe si\u00e8cles) \u00e0 l&#8217;Universit\u00e9 de Lausanne en 1971. Il occupera son poste jusqu&#8217;\u00e0 sa retraite en 1999, tout en occupant le poste de doyen de sa facult\u00e9 de 1978 \u00e0 1980. Il a \u00e9t\u00e9 directeur de l&#8217;Institut Benjamin Constant de l&#8217;Universit\u00e9 de Lausanne (1991-2001) et a pr\u00e9sid\u00e9 la Soci\u00e9t\u00e9 suisse d&#8217;histoire (1988-1989) et la Soci\u00e9t\u00e9 vaudoise d&#8217;histoire et d&#8217;arch\u00e9ologie (1994-1995). Il fut hautement appr\u00e9ci\u00e9 pour la qualit\u00e9 de ses expertises scientifiques. \u00c0 ce titre, il fut membre du Comit\u00e9 de r\u00e9daction qui pilota la \u00ab Nouvelle Histoire de la Suisse et des Suisses \u00bb, ouvrage collectif qui connut de nombreuses r\u00e9\u00e9ditions. Tr\u00e8s aim\u00e9 de ses anciens \u00e9tudiants et collaborateurs, \u00e0 qui il consacra son temps et son \u00e9nergie, il se vit offrir un volume d&#8217;hommages intitul\u00e9 \u00ab Gente ferocissima, Mercenariat et soci\u00e9t\u00e9 en Suisse, XVe-XXe si\u00e8cle \u00bb, 1997, 360\u00a0pages, recueil d&#8217;articles d&#8217;histoire militaire principalement suisse.<\/span><\/p>\n<p align=\"left\"><span lang=\"FR\">Comme pr\u00e9sident de la Soci\u00e9t\u00e9 suisse d&#8217;histoire, Alain\u00a0Dubois s&#8217;est engag\u00e9 dans l&#8217;entreprise scientifique sans doute la plus ambitieuse dont il aura \u00e9t\u00e9 l&#8217;une des chevilles ouvri\u00e8res : la r\u00e9daction d&#8217;un \u00ab\u00a0Dictionnaire historique de la Suisse \u00bb, appel\u00e9 \u00e0 devenir la somme actuelle des connaissances historiques sur la Suisse. Le 6e volume de cet ouvrage, \u00e9galement disponible sur Internet, est paru en fin 2007.\u00a0 <\/span><\/p>\n<p align=\"left\"><span lang=\"FR\">Parmi les aspects moins connus de sa carri\u00e8re et de sa personnalit\u00e9, figure son engagement dans l&#8217;arm\u00e9e suisse, au sein de laquelle il atteignit le grade de lieutenant-colonel d&#8217;infanterie. Durant la derni\u00e8re partie de sa vie, avec son \u00e9pouse Suzanne, il consacra le plus vif de ses forces \u00e0 sa collection d&#8217;art contemporain et mena un combat inlassable pour la construction d&#8217;un nouveau mus\u00e9e des beaux-arts de sa ville d&#8217;adoption, Lausanne.<\/span><\/p>\n<p align=\"left\"><span lang=\"FR\">Alain Dubois mit au service du CISH son sens de l&#8217;organisation et des relations humaines. Unanimement appr\u00e9ci\u00e9 par les membres du Bureau qui l&#8217;ont connu, il laisse le souvenir d&#8217;un homme chaleureux, g\u00e9n\u00e9reux de son temps et de ses efforts, efficace et cordial.<\/span><\/p>\n<p align=\"right\"><span lang=\"FR\">Pierre Ducrey<br \/>\nTr\u00e9sorier du CISH 1995-2007<\/span><\/p>\n","protected":false},"excerpt":{"rendered":"<p>Alain Dubois s&#8217;est \u00e9teint \u00e0 Lausanne le 29 f\u00e9vrier 2008 des suites d&#8217;une op\u00e9ration chirurgicale cardiaque. Il avait occup\u00e9 le poste de tr\u00e9sorier du CISH et, \u00e0 ce titre, il avait fait partie du \u00ab Bureau restreint \u00bb de 1980 \u00e0 1995. Il a collabor\u00e9 \u00e9troitement avec trois pr\u00e9sidents, les professeurs Alexander Gieysztor, Ernesto de [&hellip;]<\/p>\n","protected":false},"author":3,"featured_media":0,"parent":52,"menu_order":0,"comment_status":"closed","ping_status":"closed","template":"","meta":{"footnotes":""},"class_list":["post-398","page","type-page","status-publish","hentry"],"_links":{"self":[{"href":"https:\/\/www.cish.org\/index.php\/wp-json\/wp\/v2\/pages\/398","targetHints":{"allow":["GET"]}}],"collection":[{"href":"https:\/\/www.cish.org\/index.php\/wp-json\/wp\/v2\/pages"}],"about":[{"href":"https:\/\/www.cish.org\/index.php\/wp-json\/wp\/v2\/types\/page"}],"author":[{"embeddable":true,"href":"https:\/\/www.cish.org\/index.php\/wp-json\/wp\/v2\/users\/3"}],"replies":[{"embeddable":true,"href":"https:\/\/www.cish.org\/index.php\/wp-json\/wp\/v2\/comments?post=398"}],"version-history":[{"count":1,"href":"https:\/\/www.cish.org\/index.php\/wp-json\/wp\/v2\/pages\/398\/revisions"}],"predecessor-version":[{"id":399,"href":"https:\/\/www.cish.org\/index.php\/wp-json\/wp\/v2\/pages\/398\/revisions\/399"}],"up":[{"embeddable":true,"href":"https:\/\/www.cish.org\/index.php\/wp-json\/wp\/v2\/pages\/52"}],"wp:attachment":[{"href":"https:\/\/www.cish.org\/index.php\/wp-json\/wp\/v2\/media?parent=398"}],"curies":[{"name":"wp","href":"https:\/\/api.w.org\/{rel}","templated":true}]}}