{"id":394,"date":"2015-09-20T16:55:41","date_gmt":"2015-09-20T15:55:41","guid":{"rendered":"http:\/\/www.cish.org\/?page_id=394"},"modified":"2015-09-24T19:10:37","modified_gmt":"2015-09-24T18:10:37","slug":"necrologie-grigori-bongard-levin","status":"publish","type":"page","link":"https:\/\/www.cish.org\/index.php\/fr\/page-2\/archives-et-histoire\/necrologie-grigori-bongard-levin\/","title":{"rendered":"N\u00e9crologie &#8211; Grigori Bongard-Levin"},"content":{"rendered":"<p align=\"left\"><a href=\"https:\/\/www.cish.org\/wp-content\/uploads\/2015\/09\/bongard-levin_740.jpg\"><img loading=\"lazy\" decoding=\"async\" class=\"alignleft size-full wp-image-395\" src=\"https:\/\/www.cish.org\/wp-content\/uploads\/2015\/09\/bongard-levin_740.jpg\" alt=\"bongard-levin_740\" width=\"340\" height=\"255\" srcset=\"https:\/\/www.cish.org\/wp-content\/uploads\/2015\/09\/bongard-levin_740.jpg 340w, https:\/\/www.cish.org\/wp-content\/uploads\/2015\/09\/bongard-levin_740-300x225.jpg 300w\" sizes=\"auto, (max-width: 340px) 100vw, 340px\" \/><\/a>Grigori Bongard-Levin est n\u00e9 \u00e0 Moscou en 1933 et est d\u00e9c\u00e9d\u00e9 le 30\u00a0septembre 2008. Apr\u00e8s des \u00e9tudes \u00e0 l&#8217;Universit\u00e9 de Moscou, il poursuivit ses recherches \u00e0 l&#8217;Institut des \u00c9tudes orientales de l&#8217;Acad\u00e9mie des sciences de l&#8217;URSS. Il s&#8217;est int\u00e9ress\u00e9 \u00e0 l&#8217;histoire et \u00e0 la civilisation de l&#8217;Inde ancienne, ainsi qu&#8217;aux soci\u00e9t\u00e9s de l&#8217;Asie centrale. Il a publi\u00e9 de nombreux livres et articles sur le sujet, ainsi que sur l&#8217;histoire de l&#8217;art et l&#8217;historiographie. Il a \u00e9t\u00e9 \u00e9galement directeur du d\u00e9partement de l&#8217;Orient ancien de l&#8217;Institut des \u00e9tudes orientales (1979-1987) et directeur du d\u00e9partement d&#8217;histoire de l&#8217;Asie du Sud de l&#8217;Universit\u00e9 de Moscou (1988-1998). Depuis 1989, il \u00e9tait pr\u00e9sident du Centre des \u00e9tudes indologiques et bouddhistes de l&#8217;Institut de l&#8217;Asie et de l&#8217;Afrique (Moscou).<\/p>\n<p align=\"left\"><span lang=\"FR\">Membre correspondant de nombreux instituts et professeur invit\u00e9 dans des universit\u00e9s \u00e9trang\u00e8res, il a exerc\u00e9 une influence significative sur l&#8217;\u00e9volution de l&#8217;historiographie de son sujet en Russie et ailleurs. Convaincu de l&#8217;importance des approches interdisciplinaires et comparatistes, il a \u00e9galement oeuvr\u00e9 au d\u00e9veloppement des relations entre les institutions. La qualit\u00e9 et la port\u00e9e de son travail ont \u00e9t\u00e9 soulign\u00e9es par de nombreuses distinctions, dont la L\u00e9gion d&#8217;honneur et l&#8217;Ordre du lotus (Inde).<\/span><\/p>\n<p align=\"left\"><span lang=\"FR\">En 2000, lors du XIXe Congr\u00e8s International des Sciences historiques (Oslo), il a \u00e9t\u00e9 \u00e9lu membre du Bureau et a rempli avec diligence un mandat de cinq ans, jusqu&#8217;au Congr\u00e8s de Sydney en 2005. \u00c0 ce moment, son \u00e9tat de sant\u00e9 ne lui a malheureusement pas permis d&#8217;y assister. \u00c0 travers ses interventions lors des r\u00e9unions du Bureau, il a toujours insist\u00e9 pour promouvoir l&#8217;ouverture du CISH vers les pays d&#8217;Asie et d\u00e9fendu leur inclusion. Les membres du Bureau qui l&#8217;ont connu se souviendront de sa gentillesse, de la finesse de son humour, de son ouverture et de ses avis sages et utiles.<\/span><\/p>\n","protected":false},"excerpt":{"rendered":"<p>Grigori Bongard-Levin est n\u00e9 \u00e0 Moscou en 1933 et est d\u00e9c\u00e9d\u00e9 le 30\u00a0septembre 2008. Apr\u00e8s des \u00e9tudes \u00e0 l&#8217;Universit\u00e9 de Moscou, il poursuivit ses recherches \u00e0 l&#8217;Institut des \u00c9tudes orientales de l&#8217;Acad\u00e9mie des sciences de l&#8217;URSS. Il s&#8217;est int\u00e9ress\u00e9 \u00e0 l&#8217;histoire et \u00e0 la civilisation de l&#8217;Inde ancienne, ainsi qu&#8217;aux soci\u00e9t\u00e9s de l&#8217;Asie centrale. Il [&hellip;]<\/p>\n","protected":false},"author":3,"featured_media":0,"parent":52,"menu_order":0,"comment_status":"closed","ping_status":"closed","template":"","meta":{"footnotes":""},"class_list":["post-394","page","type-page","status-publish","hentry"],"_links":{"self":[{"href":"https:\/\/www.cish.org\/index.php\/wp-json\/wp\/v2\/pages\/394","targetHints":{"allow":["GET"]}}],"collection":[{"href":"https:\/\/www.cish.org\/index.php\/wp-json\/wp\/v2\/pages"}],"about":[{"href":"https:\/\/www.cish.org\/index.php\/wp-json\/wp\/v2\/types\/page"}],"author":[{"embeddable":true,"href":"https:\/\/www.cish.org\/index.php\/wp-json\/wp\/v2\/users\/3"}],"replies":[{"embeddable":true,"href":"https:\/\/www.cish.org\/index.php\/wp-json\/wp\/v2\/comments?post=394"}],"version-history":[{"count":1,"href":"https:\/\/www.cish.org\/index.php\/wp-json\/wp\/v2\/pages\/394\/revisions"}],"predecessor-version":[{"id":396,"href":"https:\/\/www.cish.org\/index.php\/wp-json\/wp\/v2\/pages\/394\/revisions\/396"}],"up":[{"embeddable":true,"href":"https:\/\/www.cish.org\/index.php\/wp-json\/wp\/v2\/pages\/52"}],"wp:attachment":[{"href":"https:\/\/www.cish.org\/index.php\/wp-json\/wp\/v2\/media?parent=394"}],"curies":[{"name":"wp","href":"https:\/\/api.w.org\/{rel}","templated":true}]}}