{"id":383,"date":"2015-09-19T15:00:49","date_gmt":"2015-09-19T14:00:49","guid":{"rendered":"http:\/\/www.cish.org\/?page_id=383"},"modified":"2015-09-19T15:02:45","modified_gmt":"2015-09-19T14:02:45","slug":"necrologie-francois-bedarida","status":"publish","type":"page","link":"https:\/\/www.cish.org\/index.php\/fr\/page-2\/archives-et-histoire\/necrologie-francois-bedarida\/","title":{"rendered":"N\u00e9crologie &#8211; Fran\u00e7ois B\u00e9darida"},"content":{"rendered":"<div align=\"justify\">\n<p align=\"left\"><a href=\"https:\/\/www.cish.org\/wp-content\/uploads\/2015\/09\/metier-historien-bedarida.jpg\"><img loading=\"lazy\" decoding=\"async\" class=\"alignleft size-full wp-image-386\" src=\"https:\/\/www.cish.org\/wp-content\/uploads\/2015\/09\/metier-historien-bedarida.jpg\" alt=\"metier-historien-bedarida\" width=\"293\" height=\"445\" srcset=\"https:\/\/www.cish.org\/wp-content\/uploads\/2015\/09\/metier-historien-bedarida.jpg 293w, https:\/\/www.cish.org\/wp-content\/uploads\/2015\/09\/metier-historien-bedarida-198x300.jpg 198w\" sizes=\"auto, (max-width: 293px) 100vw, 293px\" \/><\/a>Fran\u00e7ois B\u00e9darida, d\u00e9c\u00e9d\u00e9 le 16 septembre 2001 \u00e0 Fontaine-le-Port, pr\u00e8s de Paris, \u00e0 l\u2019\u00e2ge de 75 ans, a port\u00e9 bien haut pendant les derniers dix ans, les id\u00e9aux du Comit\u00e9 international des Sciences historiques. Sa carri\u00e8re aura \u00e9t\u00e9 marqu\u00e9e par une rare polyvalence et une rare constance dans la poursuite de sa vision de l\u2019histoire et du r\u00f4le de l\u2019historien, \u00e0 la crois\u00e9e de pr\u00e9occupations et d\u2019engagements scientifiques, moraux et civiques. D\u2019abord historien de l\u2019Angleterre victorienne, ses travaux porteront ensuite sur le XXe\u00a0si\u00e8cle fran\u00e7ais. Ses \u00e9tudes sur cette p\u00e9riode sombre de l\u2019histoire de France qu\u2019a \u00e9t\u00e9 la Seconde Guerre mondiale l\u2019ont entra\u00een\u00e9 \u00e0 mettre en avant la responsabilit\u00e9 sociale et scientifique de l\u2019historien. Convaincu de la n\u00e9cessit\u00e9 d\u2019\u00abhistorisation de la R\u00e9sistance\u00bb et port\u00e9 par sa conviction de l\u2019importance de l\u2019exigence de v\u00e9rit\u00e9, il n\u2019a pas h\u00e9sit\u00e9 \u00e0 utiliser les outils critiques de l\u2019histoire pour confronter les diff\u00e9rentes m\u00e9moires de cette p\u00e9riode. Il est entra\u00een\u00e9 dans des controverses, dont l\u2019affaire Touvier entre autres. Il accepte de t\u00e9moigner en justice comme historien et saura faire profiter la communaut\u00e9 scientifique de ses exp\u00e9riences en poussant sa r\u00e9flexion sur des questions davantage \u00e9pist\u00e9mologiques telle la responsabilit\u00e9 sociale, morale et civique des historiens, ainsi que sur le caract\u00e8re fondamental du bin\u00f4me histoire et m\u00e9moire pour la connaissance historique.<\/p>\n<p align=\"left\">N\u00e9 le 14 mars 1926 \u00e0 Lyon, fils d\u2019universitaire, Fran\u00e7ois B\u00e9darida s\u2019installe tr\u00e8s jeune avec ses parents \u00e0 Paris, o\u00f9 il fait ses \u00e9tudes. \u00c9l\u00e8ve des lyc\u00e9es Montaigne, Louis-le-Grand et Henri IV, il s\u2019engage durant la guerre dans les mouvements clandestins de r\u00e9sistance o\u00f9, en 1943, il fait la connaissance de la femme de sa vie, Ren\u00e9e M\u00e9ly, qu\u2019il \u00e9pouse en 1949. Profond\u00e9ment croyant, son engagement dans le mouvement T\u00e9moignage Chr\u00e9tien constitue une fid\u00e9lit\u00e9 qui marquera toute son existence. \u00c9l\u00e8ve de l\u2019\u00c9cole normale sup\u00e9rieure, il obtient son agr\u00e9gation en 1949.<\/p>\n<p align=\"left\"><a href=\"https:\/\/www.cish.org\/wp-content\/uploads\/2015\/09\/churchill-F-bedarida.jpg\"><img loading=\"lazy\" decoding=\"async\" class=\"alignleft size-full wp-image-385\" src=\"https:\/\/www.cish.org\/wp-content\/uploads\/2015\/09\/churchill-F-bedarida.jpg\" alt=\"churchill-F-bedarida\" width=\"293\" height=\"475\" srcset=\"https:\/\/www.cish.org\/wp-content\/uploads\/2015\/09\/churchill-F-bedarida.jpg 293w, https:\/\/www.cish.org\/wp-content\/uploads\/2015\/09\/churchill-F-bedarida-185x300.jpg 185w\" sizes=\"auto, (max-width: 293px) 100vw, 293px\" \/><\/a>Sa carri\u00e8re d\u00e9bute \u00e0 Marseille, o\u00f9 il enseigne bri\u00e8vement au lyc\u00e9e Thiers, mais il bifurque vers le Royaume-Uni o\u00f9 il \u0153uvre d\u2019abord \u00e0 l\u2019Institut fran\u00e7ais (1950-1956), avant d\u2019\u00eatre attach\u00e9 de recherche du CNRS entre 1956 et 1959. Nomm\u00e9 assistant d\u2019histoire moderne et contemporaine \u00e0 la Sorbonne (1961-1966), Fran\u00e7ois B\u00e9darida retourne bient\u00f4t en Grande-Bretagne, \u00e0 Oxford, o\u00f9 il obtient le grade de Master of Arts en 1966 et dirige la Maison fran\u00e7aise (1966-1970). Sp\u00e9cialiste reconnu de l\u2019histoire de la soci\u00e9t\u00e9 britannique du XIXe\u00a0si\u00e8cle, il a publi\u00e9 quelques ouvrages remarqu\u00e9s.<\/p>\n<p align=\"left\">Ma\u00eetre de conf\u00e9rences \u00e0 l\u2019Institut d\u2019\u00e9tudes politique de Paris entre 1971 et 1978, il s\u2019int\u00e9resse \u00e0 l\u2019histoire de la soci\u00e9t\u00e9 fran\u00e7aise contemporaine et sera le fondateur de l\u2019Institut d\u2019histoire du Temps pr\u00e9sent et son premier directeur (1978 \u20131990). C\u2019est de l\u00e0 qu\u2019il stimulera l\u2019int\u00e9r\u00eat pour l\u2019histoire de la France de la p\u00e9riode de la Guerre, y consacrant lui-m\u00eame ses recherches. Ses travaux, r\u00e9alis\u00e9s seul ou en \u00e9quipe, font avancer les connaissances sur cette p\u00e9riode et donnent lieu \u00e0 des publications significatives pour le d\u00e9veloppement de l\u2019historiographie fran\u00e7aise. Il est nomm\u00e9 Directeur de recherches au CNRS en 1979, puis Directeur de recherches \u00e9m\u00e9rite en 1995. Vers la fin de sa carri\u00e8re, il revient \u00e0 ses int\u00e9r\u00eats anciens, publiant en 1999 une remarquable biographie de Churchill et, en 2001, \u00e9ditant en collaboration avec sa femme, Ren\u00e9e B\u00e9darida, <em>La r\u00e9sistance spirituelle 1941-1944. Les Cahiers clandestins de T\u00e9moignage chr\u00e9tien.<\/em><\/p>\n<p align=\"left\">En 1990, il devient Secr\u00e9taire g\u00e9n\u00e9ral du Comit\u00e9 international des Sciences Historiques. Il abordera ces nouvelles fonctions avec sa fougue, sa g\u00e9n\u00e9rosit\u00e9 et son enthousiasme coutumiers, mettant au service du Comit\u00e9 sa vaste culture historique, sa connaissance du milieu des historiens et le faisant profiter de son rayonnement scientifique. Il travaille sans rel\u00e2che au rajeunissement des cadres du CISH et \u00e0 la modernisation de l\u2019architecture de ses congr\u00e8s internationaux. Cheville ouvri\u00e8re du Comit\u00e9 international, il d\u00e9ploie son \u00e9nergie sur tous les fronts, de son r\u00f4le de Secr\u00e9taire g\u00e9n\u00e9ral \u00e0 celui de responsable de th\u00e8mes majeurs lors des Congr\u00e8s ou encore suscitant l\u2019ouverture du CISH sur le monde, dont en particulier les pays africains, ou enfin prenant la direction d\u2019un num\u00e9ro sp\u00e9cial de la revue <em>Diog\u00e8ne<\/em> sur le th\u00e8me de la responsabilit\u00e9 sociale de l\u2019historien. Profond\u00e9ment convaincu de la justesse des objectifs fondamentaux du CISH, il s\u2019est fait le promoteur infatigable de la coop\u00e9ration internationale et de la constitution d\u2019un r\u00e9seau d\u2019\u00e9changes scientifiques o\u00f9 tous les pays seraient trait\u00e9s \u00e9quitablement. Il a anim\u00e9 pendant dix ans la vie du CISH, stimulant la r\u00e9flexion des membres par ses rapports circonstanci\u00e9s \u00e9toff\u00e9s qu\u2019il livrait \u00e0 chacune des assembl\u00e9es g\u00e9n\u00e9rales et par ses interventions pour centrer l\u2019action du CISH sur le d\u00e9veloppement du m\u00e9tier d\u2019historien et l\u2019ouverture au monde. Sa passion pour l\u2019examen du rapport entre histoire et m\u00e9moire, doubl\u00e9e de sa conviction du r\u00f4le de ces deux \u00e9l\u00e9ments dans la vie des organismes, l\u2019am\u00e8nent \u00e0 se pencher sur l\u2019histoire du CISH et \u00e0 exhumer des archives ou \u00e0 susciter aupr\u00e8s d\u2019un ancien Secr\u00e9taire g\u00e9n\u00e9ral des t\u00e9moignages sur l\u2019histoire du premier demi-si\u00e8cle du Comit\u00e9. Il les publiera dans le <em>Bulletin du CISH<\/em>, entre 1992 et 2000. Son int\u00e9grit\u00e9, son profond sens des responsabilit\u00e9s et sa conscience professionnelle exigeante sont en grande partie responsables de la bonne sant\u00e9 du CISH ainsi que du succ\u00e8s du programme du Congr\u00e8s de Montr\u00e9al, en 1995 et du Congr\u00e8s d\u2019Olso en 2000. Son rapport final sur ses dix ann\u00e9es comme Secr\u00e9taire g\u00e9n\u00e9ral, communiqu\u00e9 au dernier Congr\u00e8s et publi\u00e9 dans la pr\u00e9sente livraison, constitue un document de r\u00e9flexion profond et stimulant que le CISH dans son entier peut dor\u00e9navant consid\u00e9rer comme son testament. Puisse le CISH y puiser une inspiration pour l\u2019avenir!<\/p>\n<p align=\"left\">Il aura \u00e9t\u00e9 remarquable par sa foi in\u00e9branlable dans le travail de l\u2019historien et le respect de certaines valeurs morales fondamentales. Il \u00e9tait Chevalier de la L\u00e9gion d\u2019honneur et Officier de l\u2019ordre national du m\u00e9rite. Il laisse dans le deuil sa femme et ses trois enfants.<\/p>\n<p align=\"right\"><span lang=\"FR\">\u00a0\u00a0\u00a0\u00a0\u00a0\u00a0\u00a0\u00a0\u00a0\u00a0\u00a0\u00a0\u00a0\u00a0\u00a0\u00a0\u00a0\u00a0\u00a0\u00a0\u00a0\u00a0\u00a0 \u00a0\u00a0\u00a0\u00a0\u00a0\u00a0\u00a0\u00a0\u00a0\u00a0\u00a0\u00a0\u00a0\u00a0\u00a0\u00a0\u00a0\u00a0\u00a0\u00a0\u00a0\u00a0\u00a0 \u00a0\u00a0\u00a0\u00a0\u00a0\u00a0\u00a0\u00a0\u00a0\u00a0\u00a0\u00a0\u00a0\u00a0\u00a0\u00a0\u00a0\u00a0\u00a0\u00a0\u00a0\u00a0\u00a0 \u00a0\u00a0\u00a0\u00a0\u00a0\u00a0\u00a0\u00a0\u00a0\u00a0\u00a0\u00a0\u00a0\u00a0\u00a0\u00a0\u00a0Jean-Claude Robert<\/span><\/p>\n<\/div>\n","protected":false},"excerpt":{"rendered":"<p>Fran\u00e7ois B\u00e9darida, d\u00e9c\u00e9d\u00e9 le 16 septembre 2001 \u00e0 Fontaine-le-Port, pr\u00e8s de Paris, \u00e0 l\u2019\u00e2ge de 75 ans, a port\u00e9 bien haut pendant les derniers dix ans, les id\u00e9aux du Comit\u00e9 international des Sciences historiques. Sa carri\u00e8re aura \u00e9t\u00e9 marqu\u00e9e par une rare polyvalence et une rare constance dans la poursuite de sa vision de l\u2019histoire [&hellip;]<\/p>\n","protected":false},"author":3,"featured_media":0,"parent":52,"menu_order":0,"comment_status":"closed","ping_status":"closed","template":"","meta":{"footnotes":""},"class_list":["post-383","page","type-page","status-publish","hentry"],"_links":{"self":[{"href":"https:\/\/www.cish.org\/index.php\/wp-json\/wp\/v2\/pages\/383","targetHints":{"allow":["GET"]}}],"collection":[{"href":"https:\/\/www.cish.org\/index.php\/wp-json\/wp\/v2\/pages"}],"about":[{"href":"https:\/\/www.cish.org\/index.php\/wp-json\/wp\/v2\/types\/page"}],"author":[{"embeddable":true,"href":"https:\/\/www.cish.org\/index.php\/wp-json\/wp\/v2\/users\/3"}],"replies":[{"embeddable":true,"href":"https:\/\/www.cish.org\/index.php\/wp-json\/wp\/v2\/comments?post=383"}],"version-history":[{"count":2,"href":"https:\/\/www.cish.org\/index.php\/wp-json\/wp\/v2\/pages\/383\/revisions"}],"predecessor-version":[{"id":387,"href":"https:\/\/www.cish.org\/index.php\/wp-json\/wp\/v2\/pages\/383\/revisions\/387"}],"up":[{"embeddable":true,"href":"https:\/\/www.cish.org\/index.php\/wp-json\/wp\/v2\/pages\/52"}],"wp:attachment":[{"href":"https:\/\/www.cish.org\/index.php\/wp-json\/wp\/v2\/media?parent=383"}],"curies":[{"name":"wp","href":"https:\/\/api.w.org\/{rel}","templated":true}]}}