{"id":380,"date":"2015-09-19T14:58:53","date_gmt":"2015-09-19T13:58:53","guid":{"rendered":"http:\/\/www.cish.org\/?page_id=380"},"modified":"2015-09-24T19:13:09","modified_gmt":"2015-09-24T18:13:09","slug":"necrologie-theo-baker","status":"publish","type":"page","link":"https:\/\/www.cish.org\/index.php\/fr\/page-2\/archives-et-histoire\/necrologie-theo-baker\/","title":{"rendered":"N\u00e9crologie &#8211; Th\u00e9o Baker"},"content":{"rendered":"<p align=\"left\"><span lang=\"FR\">Theodore Cardwell Barker, professeur \u00e9m\u00e9rite d&#8217;histoire \u00e9conomique \u00e0 l&#8217;Universit\u00e9 de Londres, d\u00e9c\u00e9d\u00e9 le 22 novembre 2001 \u00e0 Faversham, Kent, \u00e0 l&#8217;\u00e2ge de 78 ans, a occup\u00e9 la fonction de Pr\u00e9sident du Comit\u00e9 International des Sciences Historiques (CISH) entre 1990 et 1995.\u00a0 Son mandat au CISH a co\u00efncid\u00e9 avec le moment o\u00f9 ce dernier prenait de nouvelles orientations, cherchant \u00e0 rajeunir ses structures et \u00e0 revoir ses modes d&#8217;action.\u00a0 T. C. Barker a jou\u00e9 un r\u00f4le significatif dans cette entreprise de transformation.<\/span><\/p>\n<p align=\"left\"><span lang=\"FR\">N\u00e9 \u00e0 St. Helens, pr\u00e8s de Liverpool, le 19 juillet 1923, T.\u00a0C.\u00a0Barker \u00e9tudie dans sa ville natale avant d&#8217;entreprendre des \u00e9tudes universitaires \u00e0 Oxford (Jesus College) o\u00f9 il obtient son MA et de les poursuivre \u00e0 l&#8217;Universit\u00e9 de Manchester qui lui d\u00e9cerne un PhD en 1951.\u00a0 Sp\u00e9cialiste d&#8217;histoire \u00e9conomique, il examine dans ses premiers travaux une ville au moment de l&#8217;industrialisation.\u00a0 Plus tard, il s&#8217;int\u00e9resse aux processus industriels, en particulier la fabrication du verre, et surtout \u00e0 l&#8217;histoire des transports, dont il devient un \u00e9minent sp\u00e9cialiste en Grande-Bretagne.\u00a0 Ses recherches sur les routes, l&#8217;automobile et les transports londoniens ont fait autorit\u00e9.\u00a0 Il s\u2019int\u00e9resse \u00e0 l&#8217;histoire orale et compte parmi les fondateurs de l&#8217;<em>Oral History Society<\/em>.\u00a0 Il \u00e9tait mari\u00e9 depuis 1955 \u00e0 Judith (Joy) Pierce.<\/span><\/p>\n<p align=\"left\"><span lang=\"FR\">Sa carri\u00e8re se d\u00e9roule principalement \u00e0 Londres et \u00e0 l&#8217;Universit\u00e9 du Kent \u00e0 Canterbury.\u00a0 Il enseigne \u00e0 la <em>London School of Economics<\/em> de 1953 \u00e0 1964 (<em>Lecturer<\/em>, puis <em>Reader in Economic History<\/em>). Par la suite, il passe \u00e0 la nouvelle <em>University of Kent at Canterbury<\/em>, dont il est l&#8217;un des fondateurs, le premier professeur en histoire \u00e9conomique (1964-1976).\u00a0 En 1976, il revient \u00e0 la <em>London School of<\/em> <em>Economics<\/em>, occupant la <em>London University Chair in Economic History<\/em>.\u00a0 Il d\u00e9cide de prendre sa retraite en 1983 et est nomm\u00e9 professeur \u00e9m\u00e9rite de l&#8217;Universit\u00e9 de Londres.\u00a0 Son \u00e9nergie et la diversit\u00e9 de ses int\u00e9r\u00eats l&#8217;am\u00e8nent \u00e0 prendre de nombreuses responsabilit\u00e9s dans des associations savantes.\u00a0 Secr\u00e9taire de l&#8217;<em>Economic History Association<\/em> (Grande-Bretagne) de 1960 \u00e0 1986, il en devient pr\u00e9sident entre 1986 et 1989.\u00a0 Il est <em>Fellow<\/em> de la <em>Royal Historical Society<\/em> en 1963 et pr\u00e9side le <em>British National Committee of Historical Sciences<\/em> de 1978 \u00e0 1993.\u00a0 De la m\u00eame fa\u00e7on, il pr\u00e9side l\u2019<em>Oral History Society<\/em> de 1973 \u00e0 1977.<\/span><\/p>\n<p align=\"left\"><span lang=\"FR\">T. C. Barker vient au CISH par le biais de ses responsabilit\u00e9s comme pr\u00e9sident du <em>British National Committee<\/em>.\u00a0 \u00c9lu au Bureau pour un premier mandat de cinq ans en 1980, il devient Vice-Pr\u00e9sident en 1985 et Pr\u00e9sident en 1990.\u00a0 \u00c0 la fin de sa pr\u00e9sidence, il devient membre conseiller du Bureau, fonction qu&#8217;il occupait au moment de son d\u00e9c\u00e8s.\u00a0 D\u00e8s son entr\u00e9e en fonction comme Pr\u00e9sident, Theo\u00a0Barker pr\u00e9pare, conjointement avec le Vice-Pr\u00e9sident Ivan Berend, un m\u00e9morandum sur l&#8217;\u00e9tat du CISH qui constitue en quelque sorte un programme d&#8217;action.\u00a0 Ce texte, publi\u00e9 dans le num\u00e9ro 19 du <em>Bulletin<\/em> du CISH (1993), propose de revoir la structure des congr\u00e8s quinquennaux pour les rendre plus vivants et sugg\u00e8re que le CISH devienne plus actif entre ses congr\u00e8s.\u00a0 <\/span><\/p>\n<p align=\"left\"><span lang=\"FR\">Ces propositions ont \u00e9t\u00e9 largement suivies, notamment lors du Congr\u00e8s de Montr\u00e9al et de celui d&#8217;Oslo.\u00a0 Quant aux activit\u00e9s entre les congr\u00e8s, le Bureau en a fait une de ses pr\u00e9occupations constantes, cherchant \u00e0 organiser de telles manifestations.\u00a0 Theo\u00a0Barker \u00e9tait \u00e9galement fort soucieux d&#8217;amener les historiens \u00e0 s&#8217;adresser au grand public, \u00e0 ne pas se contenter de dialoguer entre eux.\u00a0 Il d\u00e9sirait cette ouverture et appelait de ses v\u0153ux des contacts plus suivis avec les m\u00e9dias.\u00a0 Par ailleurs, il a fait des efforts pour ouvrir davantage le CISH sur le monde plut\u00f4t qu&#8217;uniquement sur l&#8217;Europe et l\u2019Am\u00e9rique du Nord.<\/span><\/p>\n<p align=\"left\"><span lang=\"FR\">Theo C. Barker aura donc jou\u00e9 un r\u00f4le important dans la transformation du CISH apr\u00e8s le Congr\u00e8s de Madrid.\u00a0 \u00c0 l\u2019instar des autres membres du Bureau, il a facilit\u00e9 les changements de structure et de fonctionnement du Comit\u00e9 international.\u00a0 Dans son message d\u2019adieu \u00e0 la fin de son mandat (<em>Bulletin<\/em>, num\u00e9ro 22, 1996), il prend acte des changements effectu\u00e9s et rappelle les autres objectifs \u00e0 atteindre, notamment l\u2019ouverture du CISH sur l\u2019ensemble du monde et l\u2019importance pour les historiens de continuer \u00e0 tenter d\u2019atteindre un public plus vaste.\u00a0 Ses avis judicieux et sa bonne humeur communicative manqueront au CISH.<\/span><\/p>\n","protected":false},"excerpt":{"rendered":"<p>Theodore Cardwell Barker, professeur \u00e9m\u00e9rite d&#8217;histoire \u00e9conomique \u00e0 l&#8217;Universit\u00e9 de Londres, d\u00e9c\u00e9d\u00e9 le 22 novembre 2001 \u00e0 Faversham, Kent, \u00e0 l&#8217;\u00e2ge de 78 ans, a occup\u00e9 la fonction de Pr\u00e9sident du Comit\u00e9 International des Sciences Historiques (CISH) entre 1990 et 1995.\u00a0 Son mandat au CISH a co\u00efncid\u00e9 avec le moment o\u00f9 ce dernier prenait de [&hellip;]<\/p>\n","protected":false},"author":3,"featured_media":0,"parent":52,"menu_order":0,"comment_status":"closed","ping_status":"closed","template":"","meta":{"footnotes":""},"class_list":["post-380","page","type-page","status-publish","hentry"],"_links":{"self":[{"href":"https:\/\/www.cish.org\/index.php\/wp-json\/wp\/v2\/pages\/380","targetHints":{"allow":["GET"]}}],"collection":[{"href":"https:\/\/www.cish.org\/index.php\/wp-json\/wp\/v2\/pages"}],"about":[{"href":"https:\/\/www.cish.org\/index.php\/wp-json\/wp\/v2\/types\/page"}],"author":[{"embeddable":true,"href":"https:\/\/www.cish.org\/index.php\/wp-json\/wp\/v2\/users\/3"}],"replies":[{"embeddable":true,"href":"https:\/\/www.cish.org\/index.php\/wp-json\/wp\/v2\/comments?post=380"}],"version-history":[{"count":2,"href":"https:\/\/www.cish.org\/index.php\/wp-json\/wp\/v2\/pages\/380\/revisions"}],"predecessor-version":[{"id":382,"href":"https:\/\/www.cish.org\/index.php\/wp-json\/wp\/v2\/pages\/380\/revisions\/382"}],"up":[{"embeddable":true,"href":"https:\/\/www.cish.org\/index.php\/wp-json\/wp\/v2\/pages\/52"}],"wp:attachment":[{"href":"https:\/\/www.cish.org\/index.php\/wp-json\/wp\/v2\/media?parent=380"}],"curies":[{"name":"wp","href":"https:\/\/api.w.org\/{rel}","templated":true}]}}