{"id":369,"date":"2015-09-19T14:28:34","date_gmt":"2015-09-19T13:28:34","guid":{"rendered":"http:\/\/www.cish.org\/?page_id=369"},"modified":"2015-11-21T15:04:24","modified_gmt":"2015-11-21T14:04:24","slug":"liste-des-membres-du-bureau-1926-2010","status":"publish","type":"page","link":"https:\/\/www.cish.org\/index.php\/fr\/page-2\/archives-et-histoire\/liste-des-membres-du-bureau-1926-2010\/","title":{"rendered":"Liste des membres du bureau 1926-2010"},"content":{"rendered":"<h3>1926 (Bureau provisoire)<\/h3>\n<ul>\n<li>Pr\u00e9sident<br \/>\nHalvdan Koht (Norv\u00e8ge)<\/li>\n<li>Vice-pr\u00e9sidents<br \/>\nHenri Pirenne (Belgique)<br \/>\nAlfons Dopsch (Autriche)<\/li>\n<li>Secr\u00e9taire g\u00e9n\u00e9ral<br \/>\nMichel Lh\u00e9ritier (France)<\/li>\n<li>Tr\u00e9sorier<br \/>\nWaldo G. Leland (\u00c9tats-Unis)<\/li>\n<li>Membres assesseurs<br \/>\nFriedrich Meinecke (Allemagne), puis Karl Brandi (Allemagne)<br \/>\nHarold W. V. Temperley (Grande-Bretagne)<br \/>\nGaetano De Sanctis (Italie)<br \/>\nBronislaw Dembinski (Pologne)<\/li>\n<\/ul>\n<h3>1928-1933<\/h3>\n<ul>\n<li>Pr\u00e9sident Halvdan Koht (Norv\u00e8ge)<\/li>\n<li>Vice-pr\u00e9sidents Alfons Dopsch (Autriche), Bronislaw Dembinski (Pologne)<\/li>\n<li>Secr\u00e9taire g\u00e9n\u00e9ral Michel Lh\u00e9ritier (France)<\/li>\n<li>Tr\u00e9sorier Waldo G. Leland (\u00c9tats-Unis)<\/li>\n<li>Membres assesseurs Karl Brandi (Allemagne), Gaetano De Sanctis (Italie), Harold W. V. Temperley (Grande-Bretagne), Josef Susta (Tch\u00e9coslovaquie)<\/li>\n<\/ul>\n<h3>1933-1938<\/h3>\n<ul>\n<li>Pr\u00e9sident Harold W. V. Temperley (Grande-Bretagne)<\/li>\n<li>Vice-pr\u00e9sidents Bronislaw Dembinski (Pologne), Karl Brandi (Allemagne)<\/li>\n<li>Secr\u00e9taire g\u00e9n\u00e9ral Michel Lh\u00e9ritier (France), Tibor Barath (Hongrie) [adjoint pour le Bulletin]<\/li>\n<li>Tr\u00e9sorier Hans Nabholz (Suisse)<\/li>\n<li>Membres assesseurs Hippolyte Delehaye (Belgique), Sandor Domanowsky (Hongrie), Luis Nicolau d&#8217;Olwer (Espagne), Vincenzo Ussani (Italie), [jusqu&#8217;en 1936]<\/li>\n<li>Membres conseillers Halvdan Koht (Norv\u00e8ge), Waldo G. Leland (\u00c9tats-Unis)<\/li>\n<\/ul>\n<h3>1938-1948<\/h3>\n<ul>\n<li>Pr\u00e9sident Waldo G. Leland (\u00c9tats-Unis)<\/li>\n<li>Vice-pr\u00e9sidents Nicolae Jorga (Roumanie), Hans Nabholz (Suisse)<\/li>\n<li>Secr\u00e9taire g\u00e9n\u00e9ral Michel Lh\u00e9ritier (France) [jusqu&#8217;en 1945]<\/li>\n<li>Tr\u00e9sorier Sir Llewellyn Woodward (Grande-Bretagne)<\/li>\n<li>Membres assesseurs Fran\u00e7ois-L. Ganshof (Belgique), Marceli Handelsman (Pologne), Robert Holtzmann (Allemagne)<br \/>\nGioacchino Volpe (Italie)<\/li>\n<li>Membres conseillers Halvdan Koht (Norv\u00e8ge), Waldo G. Leland (\u00c9tats-Unis)<\/li>\n<\/ul>\n<h3>1948-1950 (Bureau provisoire)<\/h3>\n<ul>\n<li>Pr\u00e9sident Hans Nabholz (Suisse)<\/li>\n<li>Vice-pr\u00e9sidents Sir Charles Webster (Grande-Bretagne), Robert Fawtier (France)<\/li>\n<li>Secr\u00e9taire g\u00e9n\u00e9ral Charles Moraz\u00e9 (France), Tr\u00e9sorier Anton Largiader (Suisse)<\/li>\n<li>Membres assesseurs Axel Lindvald (Danemark), Donald C. McKay (\u00c9tats-Unis), Karel Stloukal (Tch\u00e9coslovaquie)<\/li>\n<li>Membres conseillers Halvdan Koht (Norv\u00e8ge), Waldo G. Leland (\u00c9tats-Unis)<\/li>\n<\/ul>\n<h3>1950-1955<\/h3>\n<ul>\n<li>Pr\u00e9sident Robert Fawtier (France)<\/li>\n<li>Vice-pr\u00e9sidents Sir Charles Webster (Grande-Bretagne)<br \/>\nNils Ahnlund (Su\u00e8de)<\/li>\n<li>Secr\u00e9taire g\u00e9n\u00e9ral Michel Fran\u00e7ois (France)<\/li>\n<li>Tr\u00e9sorier Anton Largiader (Suisse),<br \/>\npuis Louis Junod (Suisse) [1952]<\/li>\n<li>Membres assesseurs Donald C. McKay (\u00c9tats-Unis)<br \/>\nFranz Van Kalken (Belgique)<br \/>\nHeinrich-Felix Schmid (Autriche)<br \/>\nSilvio Zavala (Mexique)<br \/>\nLuigi Salvatorelli (Italie)<br \/>\npuis Federico Chabod (Italie) [1952]<\/li>\n<li>Membres conseillers Halvdan Koht (Norv\u00e8ge)<br \/>\nWaldo G. Leland (\u00c9tats-Unis)<br \/>\nHans Nabholz (Suisse)<\/li>\n<\/ul>\n<h3>1955-1960<\/h3>\n<ul>\n<li>Pr\u00e9sident Federico Chabod (Italie)<\/li>\n<li>Vice-pr\u00e9sidents Sir Charles Webster (Grande-Bretagne)<br \/>\nNils Ahnlund (Su\u00e8de)<br \/>\npuis Torvald H\u00f6jer (Su\u00e8de) [1957]<\/li>\n<li>Secr\u00e9taire g\u00e9n\u00e9ral Michel Fran\u00e7ois (France)<br \/>\nTr\u00e9sorier Louis Junod (Suisse)<\/li>\n<li>Membres assesseurs Donald C. McKay (\u00c9tats-Unis)<br \/>\nIsaac J. Brugmans (Pays-Bas)<br \/>\nAna Mikhailowna Pankratova (URSS),<br \/>\npuis Aleksandr A. Guber [1957]<br \/>\nGerhard Ritter (RFA)<br \/>\nHeinrich-Felix Schmid (Autriche)<\/li>\n<li>Membres conseillers Halvdan Koht (Norv\u00e8ge)<br \/>\nWaldo G. Leland (\u00c9tats-Unis)<br \/>\nHans Nabholz (Suisse)<br \/>\nRobert Fawtier (France)<\/li>\n<\/ul>\n<h3>1960-1965<\/h3>\n<ul>\n<li>Pr\u00e9sident Heinrich-Felix Schmid (Autriche) \u2020 1963<\/li>\n<li>Vice-pr\u00e9sidents Torvald H\u00f6jer (Su\u00e8de),<br \/>\npuis Gerhard Ritter (RFA) [1962]<br \/>\nAleksandr A. Guber (URSS)<\/li>\n<li>Secr\u00e9taire g\u00e9n\u00e9ral Michel Fran\u00e7ois (France)<br \/>\nTr\u00e9sorier Louis Junod (Suisse)<\/li>\n<li>Membres assesseurs Gerhard Ritter (RFA),<br \/>\npuis Raffaello Morghen (Italie) [1962]<br \/>\nRamon Carande y Thovar (Espagne)<br \/>\nPaul Harsin (Belgique)<br \/>\nErnest F. Jacob (Grande-Bretagne)<br \/>\nBoyd C. Shafer (\u00c9tats-Unis)<br \/>\nKohachiro Takahashi (Japon)<\/li>\n<li>Membre conseiller Robert Fawtier (France)<\/li>\n<\/ul>\n<h3>1965-1970<\/h3>\n<ul>\n<li>Pr\u00e9sident Paul Harsin (Belgique)<\/li>\n<li>Vice-pr\u00e9sidents Aleksandr A. Guber (URSS)<br \/>\nBoyd C. Shafer (\u00c9tats-Unis)<\/li>\n<li>Secr\u00e9taire g\u00e9n\u00e9ral Michel Fran\u00e7ois (France)<\/li>\n<li>Tr\u00e9sorier Louis Junod (Suisse),<br \/>\npuis Jean-Charles Biaudet (Suisse) [1967]<\/li>\n<li>Membres assesseurs Friedrich Engel-Janosi (Autriche)<br \/>\nAleksander Gieysztor (Pologne)<br \/>\nErnest F. Jacob (Grande-Bretagne)<br \/>\nRaffaello Morghen (Italie)<br \/>\nJiorjio Tadic (Yougoslavie)<br \/>\nKohachiro Takahashi (Japon)<\/li>\n<li>Membre conseiller Robert Fawtier (France) \u2020 1966<\/li>\n<\/ul>\n<h3>1970-1975<\/h3>\n<ul>\n<li>Pr\u00e9sident Aleksandr A. Guber (URSS) \u2020 1971,<br \/>\npuis Evgenij M. Joukov (URSS)<\/li>\n<li>Vice-pr\u00e9sidents Boyd C. Shafer (\u00c9tats-Unis)<br \/>\nKarl Dietrich Erdmann (RFA)<\/li>\n<li>Secr\u00e9taire g\u00e9n\u00e9ral Michel Fran\u00e7ois (France)<br \/>\nTr\u00e9sorier Jean-Charles Biaudet (Suisse)<\/li>\n<li>Membres assesseurs Kohachiro Takahashi (Japon)<br \/>\nAleksander Gieysztor (Pologne)<br \/>\nMiguel Batllori (Espagne)<br \/>\nMihai Berza (Roumanie)<br \/>\nLewis Hertzman (Canada)<br \/>\nFolke Lindberg (Su\u00e8de)<\/li>\n<li>Membre conseiller Paul Harsin (Belgique)<\/li>\n<\/ul>\n<h3>1975-1980<\/h3>\n<ul>\n<li>Pr\u00e9sident Karl Dietrich Erdmann (RFA)<\/li>\n<li>Vice-pr\u00e9sidents Aleksander Gieysztor (Pologne)<br \/>\nGordon Craig (\u00c9tats-Unis)<\/li>\n<li>Secr\u00e9taire g\u00e9n\u00e9ral Michel Fran\u00e7ois (France)<br \/>\nTr\u00e9sorier Jean-Charles Biaudet (Suisse)<\/li>\n<li>Membres assesseurs Miguel Batllori Munn\u00e9 (Espagne)<br \/>\nMihai Berza (Roumanie)<br \/>\nLewis Hertzman (Canada)<br \/>\nSatish Chandra (Inde)<br \/>\nKare T\u00f8nnesson (Norv\u00e8ge)<br \/>\nDomenico Demarco (Italie)<\/li>\n<li>Membres conseillers Paul Harsin (Belgique)<br \/>\nEvgenij M. Joukov (URSS) \u2020 1980<\/li>\n<\/ul>\n<h3>1980-1985<\/h3>\n<ul>\n<li>Pr\u00e9sident Aleksander Gieysztor (Pologne)<\/li>\n<li>Vice-pr\u00e9sidents Gordon Craig (\u00c9tats-Unis)<br \/>\nDomenico Demarco (Italie)<\/li>\n<li>Secr\u00e9taire g\u00e9n\u00e9ral H\u00e9l\u00e8ne Ahrweiler (France)<\/li>\n<li>Tr\u00e9sorier Alain Dubois (Suisse)<\/li>\n<li>Membres assesseurs Satish Chandra (Inde)<br \/>\nKare T\u00f8nnesson (Norv\u00e8ge)<br \/>\nTheodore C. Barker (Grande-Bretagne)<br \/>\nErnesto de la Torre Villar (Mexique)<br \/>\nGy\u00f6rgy Ranki (Hongrie)<br \/>\nSergej L. Tikhvinsky (URSS)<\/li>\n<li>Membres conseillers Karl Dietrich Erdmann (Allemagne)<br \/>\nMichel Fran\u00e7ois \u2020 1981<\/li>\n<\/ul>\n<h3>1985-1990<\/h3>\n<ul>\n<li>Pr\u00e9sident Ernesto de la Torre Villar (Mexique)<\/li>\n<li>Vice-pr\u00e9sidents Gy\u00f6rgy Ranki (Hongrie)<br \/>\nTheodore C. Barker (Grande-Bretagne)<\/li>\n<li>Secr\u00e9taire g\u00e9n\u00e9ral H\u00e9l\u00e8ne Ahrweiler (France)<br \/>\nTr\u00e9sorier Alain Dubois (Suisse)<\/li>\n<li>Membres assesseurs Eloy Benito Ruano (Espagne)<br \/>\nCarl N. Degler (\u00c9tats-Unis)<br \/>\nJoachim Herrmann (RDA)<br \/>\nMasaki Miyake (Japon)<br \/>\nSaiyid Nurul Hasan (Inde)<br \/>\nSergej L. Tikhvinsky (URSS)<\/li>\n<li>Membres conseillers Karl Dietrich Erdmann (Allemagne)<br \/>\nAleksander Gieysztor (Pologne)<\/li>\n<\/ul>\n<h3>1990-1995<\/h3>\n<ul>\n<li>Pr\u00e9sident Theodore C. Barker (Grande-Bretagne)<\/li>\n<li>Vice-pr\u00e9sidents Ivan T. Berend (\u00c9tats-Unis)<br \/>\nEloy Benito Ruano (Espagne)<\/li>\n<li>Secr\u00e9taire g\u00e9n\u00e9ral Fran\u00e7ois B\u00e9darida (France)<\/li>\n<li>Tr\u00e9sorier Alain Dubois (Suisse)<\/li>\n<li>Membres assesseurs<\/li>\n<li>Natalie Zemon Davis (\u00c9tats-Unis)<br \/>\nJoachim Herrmann (Allemagne)<br \/>\nJoannis Karayannopoulos (Gr\u00e8ce)<br \/>\nMasaki Miyake (Japon)<br \/>\nSaiyid Nurul Hasan (Inde) \u2020 1993,<br \/>\npuis Satish Chandra<br \/>\nAlexander O. Tchoubarian (Russie)<\/li>\n<li>Membres conseillers Aleksander Gieysztor (Pologne)<br \/>\nErnesto de la Torre Villar (Mexique)<\/li>\n<\/ul>\n<h3>1995-2000<\/h3>\n<ul>\n<li>Pr\u00e9sident Ivan T. Berend (\u00c9tats-Unis)<\/li>\n<li>Vice-pr\u00e9sidents Natalie Zemon Davis (\u00c9tats-Unis)<br \/>\nAlexander O. Tchoubarian (Russie)<\/li>\n<li>Secr\u00e9taire g\u00e9n\u00e9ral Fran\u00e7ois B\u00e9darida (France)<br \/>\nTr\u00e9sorier Pierre Ducrey (Suisse)<\/li>\n<li>Membres assesseurs Girolamo Arnaldi (Italie),<br \/>\npuis Rosario Villari [1998]<br \/>\nJ\u00fcrgen Kocka (Allemagne)<br \/>\nRavinder Kumar (Inde),<br \/>\npuis Romila Thapar [1998]<br \/>\nHiroyuki Ninomiya (Japon)<br \/>\nEva \u00d6sterberg (Su\u00e8de)<br \/>\nJean-Claude Robert (Canada)<\/li>\n<li>Membres conseillers Theodore C. Barker (Grande-Bretagne)<br \/>\nErnesto de la Torre Villar (Mexique)<\/li>\n<li>Membre conseiller honoraire Aleksander Gieysztor (Pologne) \u2020 1999<\/li>\n<\/ul>\n<h3>2000-2005<\/h3>\n<ul>\n<li>Pr\u00e9sident J\u00fcrgen Kocka (Allemagne)<\/li>\n<li>Vice-pr\u00e9sidents Eva \u00d6sterberg (Su\u00e8de)<br \/>\nRomila Thapar (Inde)<\/li>\n<li>Secr\u00e9taire g\u00e9n\u00e9ral Jean-Claude Robert (Canada)<br \/>\nTr\u00e9sorier Pierre Ducrey (Suisse)<\/li>\n<li>Membres assesseurs Gregory Bongard-Levin (Russie)<br \/>\nCatherine Coquery-Vidrovitch (France)<br \/>\nMichael Heyd (Isra\u00ebl)<br \/>\nWilliam Chester Jordan (\u00c9tats-Unis)<br \/>\nKoichi Kabayama (Japon)<br \/>\nJos\u00e9 Luis Peset (Espagne)<\/li>\n<li>Membres conseillers Theodore C. Barker (Grande-Bretagne) \u2020 2001<br \/>\nIvan T. Berend (\u00c9tats-Unis)<\/li>\n<\/ul>\n<h3>2005-2010<\/h3>\n<ul>\n<li>Pr\u00e9sident Jos\u00e9 Luis Peset (Espagne)<\/li>\n<li>Vice-pr\u00e9sidents<br \/>\nKoichi Kabayama (Japon)<br \/>\nWilliam Chester Jordan (\u00c9tats-Unis)<\/li>\n<li>Secr\u00e9taire g\u00e9n\u00e9ral Jean-Claude Robert (Canada)<\/li>\n<li>Tr\u00e9sorier Pierre Ducrey (Suisse)<br \/>\npuis Laurent Tissot (Suisse) [2008]<\/li>\n<li>Membres assesseurs Shahid Amin (Inde)<br \/>\nSorin Antohi (Hongrie)<br \/>\npuis Roger Chartier (France) [2007]<br \/>\nMichael Bibikov (Russie)<br \/>\nMichael Heyd (Isra\u00ebl)<br \/>\nMarjatta Hietala (Finlande)<br \/>\nHilda Sabato (Argentine)<\/li>\n<li>Membre conseiller J\u00fcrgen Kocka (Allemagne)<\/li>\n<\/ul>\n","protected":false},"excerpt":{"rendered":"<p>1926 (Bureau provisoire) Pr\u00e9sident Halvdan Koht (Norv\u00e8ge) Vice-pr\u00e9sidents Henri Pirenne (Belgique) Alfons Dopsch (Autriche) Secr\u00e9taire g\u00e9n\u00e9ral Michel Lh\u00e9ritier (France) Tr\u00e9sorier Waldo G. Leland (\u00c9tats-Unis) Membres assesseurs Friedrich Meinecke (Allemagne), puis Karl Brandi (Allemagne) Harold W. V. Temperley (Grande-Bretagne) Gaetano De Sanctis (Italie) Bronislaw Dembinski (Pologne) 1928-1933 Pr\u00e9sident Halvdan Koht (Norv\u00e8ge) Vice-pr\u00e9sidents Alfons Dopsch (Autriche), Bronislaw [&hellip;]<\/p>\n","protected":false},"author":3,"featured_media":0,"parent":52,"menu_order":0,"comment_status":"closed","ping_status":"closed","template":"","meta":{"footnotes":""},"class_list":["post-369","page","type-page","status-publish","hentry"],"_links":{"self":[{"href":"https:\/\/www.cish.org\/index.php\/wp-json\/wp\/v2\/pages\/369","targetHints":{"allow":["GET"]}}],"collection":[{"href":"https:\/\/www.cish.org\/index.php\/wp-json\/wp\/v2\/pages"}],"about":[{"href":"https:\/\/www.cish.org\/index.php\/wp-json\/wp\/v2\/types\/page"}],"author":[{"embeddable":true,"href":"https:\/\/www.cish.org\/index.php\/wp-json\/wp\/v2\/users\/3"}],"replies":[{"embeddable":true,"href":"https:\/\/www.cish.org\/index.php\/wp-json\/wp\/v2\/comments?post=369"}],"version-history":[{"count":5,"href":"https:\/\/www.cish.org\/index.php\/wp-json\/wp\/v2\/pages\/369\/revisions"}],"predecessor-version":[{"id":1417,"href":"https:\/\/www.cish.org\/index.php\/wp-json\/wp\/v2\/pages\/369\/revisions\/1417"}],"up":[{"embeddable":true,"href":"https:\/\/www.cish.org\/index.php\/wp-json\/wp\/v2\/pages\/52"}],"wp:attachment":[{"href":"https:\/\/www.cish.org\/index.php\/wp-json\/wp\/v2\/media?parent=369"}],"curies":[{"name":"wp","href":"https:\/\/api.w.org\/{rel}","templated":true}]}}