{"id":3367,"date":"2023-11-20T09:31:53","date_gmt":"2023-11-20T08:31:53","guid":{"rendered":"https:\/\/www.cish.org\/?page_id=3367"},"modified":"2023-11-20T09:47:37","modified_gmt":"2023-11-20T08:47:37","slug":"affiliation-2","status":"publish","type":"page","link":"https:\/\/www.cish.org\/index.php\/en\/affiliation-2\/","title":{"rendered":"Affiliation"},"content":{"rendered":"\n<p class=\"has-medium-font-size\"><strong>Affiliation<\/strong><\/p>\n\n\n\n<p>Le CISH est compos\u00e9 d&#8217;organisations nationales et internationales d&#8217;historiens et vise \u00e0 promouvoir les sciences historiques dans le monde entier. La proc\u00e9dure d&#8217;adh\u00e9sion est d\u00e9crite dans les&nbsp;<strong>articles 2 et 4<\/strong>&nbsp;des&nbsp;statuts du CISH :<\/p>\n\n\n\n<p>\u201c[\u2026]&nbsp;<em>L\u2019affiliation au Comit\u00e9 international des Sciences historiques des uns et des autres est d\u00e9cid\u00e9e par l\u2019Assembl\u00e9e g\u00e9n\u00e9rale, sur la proposition du Bureau, conform\u00e9ment aux modalit\u00e9s pr\u00e9cis\u00e9es \u00e0 l\u2019article 4 ci-dessous. Toute demande d\u2019affiliation devra parvenir au bureau six mois avant la date de sa r\u00e9union annuelle.<\/em><em>&nbsp;\u201d (Art. 2, Statuts du CISH)<\/em><\/p>\n\n\n\n<p><em>\u201cChaque Comit\u00e9 national, comme chaque Organisme international affili\u00e9, est repr\u00e9sent\u00e9 aux Assembl\u00e9es g\u00e9n\u00e9rales du CISH par un d\u00e9l\u00e9gu\u00e9, qui peut \u00eatre accompagn\u00e9 d\u2019un suppl\u00e9ant, et dispose d\u2019une voix. Les Comit\u00e9s nationaux et les Organismes internationaux affili\u00e9s ont les m\u00eames droits dans tous les scrutins.<br><\/em><br><em>L\u2019Assembl\u00e9e ne peut d\u00e9lib\u00e9rer valablement qu\u2019en pr\u00e9sence des d\u00e9l\u00e9gu\u00e9s \u2014 ou de leur suppl\u00e9ant \u2014 d\u2019un tiers des membres du CISH.<\/em><\/p>\n\n\n\n<p><em>Les votes portant sur l\u2019admission de nouveaux membres, sur l\u2019exclusion de membres du CISH et sur les modifications des statuts doivent rassembler une majorit\u00e9 \u00e9gale aux deux tiers des votants.<\/em><em>&nbsp;[\u2026]\u201d (Art. 4, Statuts du CISH)<\/em><\/p>\n\n\n\n<p>Les organisations nationales et internationales d&#8217;historiens qui souhaitent poser leur candidature doivent contacter la&nbsp;pr\u00e9sidente,&nbsp;Catherine Horel (&#x70;&#114;e&#x73;&#x69;&#100;e&#x6e;&#116;&#64;&#x63;&#x69;&#115;h&#x2e;&#111;r&#x67;),&nbsp;le secr\u00e9taire g\u00e9n\u00e9ral, Edoardo Tortarolo (ge&#110;&#101;&#x72;&#x61;&#x6c;&#x2d;se&#99;&#114;&#x65;&#x74;&#x61;&#x72;y&#64;&#99;&#105;&#115;&#x68;&#x2e;&#x6f;&#x72;g)&nbsp;et le tr\u00e9sorier, Sacha Zala (&#116;&#x72;&#101;&#x61;s&#x75;r&#101;&#x72;&#64;&#x63;&#105;&#x73;h&#x2e;o&#114;&#x67;).&nbsp;<br><\/p>\n\n\n\n<p><\/p>\n\n\n\n<p class=\"has-medium-font-size\"><strong>Cotisations des membres<\/strong><\/p>\n\n\n\n<p>Les cotisations sont fix\u00e9es par l&#8217;Assembl\u00e9e g\u00e9n\u00e9rale. Les cotisations sont r\u00e9gies par&nbsp;<strong>l&#8217;article 6<\/strong>&nbsp;des statuts :&nbsp;<br><br>\u201c<em>Chaque Comit\u00e9 national ou Organisme international affili\u00e9 verse une cotisation annuelle dont le montant est fix\u00e9 par l\u2019Assembl\u00e9e g\u00e9n\u00e9rale. Le montant est le m\u00eame pour tous les Comit\u00e9s nationaux. Il est \u00e9galement le m\u00eame pour tous les Organismes internationaux affili\u00e9s, mais inf\u00e9rieur \u00e0 celui de la cotisation vers\u00e9e par les Comit\u00e9s nationaux.&nbsp;[\u2026]\u201d (Art. 6, Statuts du CISH)&nbsp;<\/em><\/p>\n\n\n\n<p><strong>L&#8217;article 7<\/strong>&nbsp;r\u00e9git les retraits et les exclusions :&nbsp;<br><br>\u201c<em>Tout Comit\u00e9 national ou Organisme international affili\u00e9 qui n\u2019aura pas pay\u00e9 sa cotisation durant trois ann\u00e9es ne disposera plus du droit de vote. Apr\u00e8s cinq ann\u00e9es, ce Comit\u00e9 national ou Organisme international affili\u00e9 sera consid\u00e9r\u00e9 comme d\u00e9missionnaire de fait.[\u2026]\u201d (Art. 7, Statuts du CISH)&nbsp;<\/em><\/p>\n\n\n\n<p>Conform\u00e9ment \u00e0 la cr\u00e9ation du fonds de solidarit\u00e9, les membres versent une contribution de solidarit\u00e9 pour les coll\u00e8gues des pays en difficult\u00e9 \u00e9conomique afin de leur permettre de participer aux congr\u00e8s du CISH.&nbsp;<\/p>\n\n\n\n<p><strong>R\u00e9partition actuelle des co\u00fbts<\/strong>, conform\u00e9ment \u00e0 la d\u00e9cision de l&#8217;Assembl\u00e9e g\u00e9n\u00e9rale du 11 mai 2021 :<\/p>\n\n\n\n<p><strong>Comit\u00e9s nationaux<\/strong><\/p>\n\n\n\n<ul class=\"wp-block-list\">\n<li>Contribution annuelle 600.00<\/li>\n\n\n\n<li>Contribution au fonds de solidarit\u00e9 CISH 200.00\u00a0\u00a0\u00a0\u00a0\u00a0\u00a0\u00a0\u00a0\u00a0\u00a0\u00a0\u00a0\u00a0\u00a0<\/li>\n\n\n\n<li>Total en francs suisses <strong>CHF 800.00\u00a0<\/strong>\u00a0\u00a0\u00a0\u00a0\u00a0\u00a0\u00a0\u00a0\u00a0\u00a0\u00a0\u00a0\u00a0\u00a0\u00a0\u00a0\u00a0\u00a0\u00a0\u00a0<\/li>\n<\/ul>\n\n\n\n<p><strong>Organismes internationaux<\/strong><\/p>\n\n\n\n<ul class=\"wp-block-list\">\n<li>Contribution annuelle \u00a0450.00\u00a0\u00a0\u00a0\u00a0\u00a0\u00a0\u00a0\u00a0\u00a0\u00a0\u00a0\u00a0\u00a0\u00a0\u00a0\u00a0\u00a0\u00a0\u00a0\u00a0\u00a0\u00a0\u00a0\u00a0\u00a0\u00a0\u00a0\u00a0\u00a0\u00a0\u00a0\u00a0\u00a0\u00a0\u00a0\u00a0\u00a0\u00a0\u00a0\u00a0\u00a0\u00a0\u00a0\u00a0\u00a0\u00a0<\/li>\n\n\n\n<li>Contribution au fonds de solidarit\u00e9 CISH 200.00\u00a0\u00a0\u00a0\u00a0\u00a0\u00a0\u00a0\u00a0\u00a0\u00a0\u00a0\u00a0\u00a0\u00a0<\/li>\n\n\n\n<li>Total en francs suisses <strong>CHF 650.00\u00a0\u00a0\u00a0\u00a0<\/strong>\u00a0\u00a0\u00a0\u00a0\u00a0\u00a0\u00a0\u00a0\u00a0\u00a0\u00a0\u00a0\u00a0\u00a0\u00a0\u00a0\u00a0\u00a0\u00a0\u00a0\u00a0\u00a0\u00a0\u00a0\u00a0\u00a0\u00a0\u00a0\u00a0\u00a0\u00a0<\/li>\n<\/ul>\n\n\n\n<p>La contribution au fonds de solidarit\u00e9 CISH est volontaire.&nbsp;<\/p>\n\n\n\n<p>Le tr\u00e9sorier envoie les factures aux membres chaque ann\u00e9e. Les cotisations doivent \u00eatre pay\u00e9es en francs suisses ou dans leur \u00e9quivalent en devises \u00e9trang\u00e8res apr\u00e8s r\u00e9ception de la facture officielle du CISH\/ICSH. En cas de questions ou d&#8217;autres difficult\u00e9s, les membres sont encourag\u00e9s \u00e0 contacter le tr\u00e9sorier&nbsp;:&nbsp;&#x74;&#114;&#x65;&#x61;&#115;&#x75;&#114;e&#x72;&#64;c&#x69;&#115;h&#x2e;&#111;r&#x67;<\/p>\n","protected":false},"excerpt":{"rendered":"<p>Affiliation Le CISH est compos\u00e9 d&#8217;organisations nationales et internationales d&#8217;historiens et vise \u00e0 promouvoir les sciences historiques dans le monde entier. La proc\u00e9dure d&#8217;adh\u00e9sion est d\u00e9crite dans les&nbsp;articles 2 et 4&nbsp;des&nbsp;statuts du CISH : \u201c[\u2026]&nbsp;L\u2019affiliation au Comit\u00e9 international des Sciences historiques des uns et des autres est d\u00e9cid\u00e9e par l\u2019Assembl\u00e9e g\u00e9n\u00e9rale, sur la proposition du [&hellip;]<\/p>\n","protected":false},"author":2,"featured_media":0,"parent":0,"menu_order":0,"comment_status":"closed","ping_status":"closed","template":"","meta":{"footnotes":""},"class_list":["post-3367","page","type-page","status-publish","hentry"],"_links":{"self":[{"href":"https:\/\/www.cish.org\/index.php\/wp-json\/wp\/v2\/pages\/3367","targetHints":{"allow":["GET"]}}],"collection":[{"href":"https:\/\/www.cish.org\/index.php\/wp-json\/wp\/v2\/pages"}],"about":[{"href":"https:\/\/www.cish.org\/index.php\/wp-json\/wp\/v2\/types\/page"}],"author":[{"embeddable":true,"href":"https:\/\/www.cish.org\/index.php\/wp-json\/wp\/v2\/users\/2"}],"replies":[{"embeddable":true,"href":"https:\/\/www.cish.org\/index.php\/wp-json\/wp\/v2\/comments?post=3367"}],"version-history":[{"count":3,"href":"https:\/\/www.cish.org\/index.php\/wp-json\/wp\/v2\/pages\/3367\/revisions"}],"predecessor-version":[{"id":3374,"href":"https:\/\/www.cish.org\/index.php\/wp-json\/wp\/v2\/pages\/3367\/revisions\/3374"}],"wp:attachment":[{"href":"https:\/\/www.cish.org\/index.php\/wp-json\/wp\/v2\/media?parent=3367"}],"curies":[{"name":"wp","href":"https:\/\/api.w.org\/{rel}","templated":true}]}}