{"id":31,"date":"2015-09-11T17:15:17","date_gmt":"2015-09-11T16:15:17","guid":{"rendered":"http:\/\/www.cish.org\/?page_id=31"},"modified":"2016-07-05T09:51:15","modified_gmt":"2016-07-05T08:51:15","slug":"congres-et-autres-rencontres","status":"publish","type":"page","link":"https:\/\/www.cish.org\/index.php\/fr\/congres-et-autres-rencontres\/","title":{"rendered":"Congr\u00e8s et autres rencontres"},"content":{"rendered":"<p>Le Congr\u00e8s du CISH, qui a lieu tous les cinq ans, est le grand rendez-vous mondial de la communaut\u00e9 internationale des historiens. Il\u00a0est l\u2019occasion de pr\u00e9senter les th\u00e8mes les plus novateurs et de confronter la recherche avec celle de coll\u00e8gues venus de tous les continents.<\/p>\n<ul>\n<li><a href=\"https:\/\/www.cish.org\/index.php\/fr\/category\/congres-fr\/\">Voir les derni\u00e8res nouvelles sur les Congr\u00e8s<\/a><\/li>\n<\/ul>\n<ul>\n<li>Visitez les pages de pr\u00e9sentation des Congr\u00e8s\n<ul>\n<li><a href=\"https:\/\/www.cish.org\/index.php\/fr\/congres-et-autres-rencontres\/xxii-eme-congres-du-cish-jinan-2015\/\">XXII\u00e8me Congr\u00e8s du CISH \u2013 Jinan 2015<\/a><\/li>\n<li><a href=\"https:\/\/www.cish.org\/index.php\/fr\/congres-et-autres-rencontres\/74-2\/\">Congr\u00e8s 2010 \u2013 Amsterdam<\/a><\/li>\n<li><a href=\"https:\/\/www.cish.org\/index.php\/fr\/congres-et-autres-rencontres\/congres-precedents\/\">Congr\u00e8s pr\u00e9c\u00e9dents<\/a><\/li>\n<\/ul>\n<\/li>\n<\/ul>\n<p>Par ailleurs, des conf\u00e9rences et symposiums sont r\u00e9guli\u00e8rement organis\u00e9s.<\/p>\n<ul>\n<li><a href=\"https:\/\/www.cish.org\/index.php\/fr\/congres-et-autres-rencontres\/colloques-et-symposiums\/\">Visitez la page des conf\u00e9rences et symposiums<\/a><\/li>\n<\/ul>\n","protected":false},"excerpt":{"rendered":"<p>Le Congr\u00e8s du CISH, qui a lieu tous les cinq ans, est le grand rendez-vous mondial de la communaut\u00e9 internationale des historiens. Il\u00a0est l\u2019occasion de pr\u00e9senter les th\u00e8mes les plus novateurs et de confronter la recherche avec celle de coll\u00e8gues venus de tous les continents. Voir les derni\u00e8res nouvelles sur les Congr\u00e8s Visitez les pages [&hellip;]<\/p>\n","protected":false},"author":3,"featured_media":0,"parent":0,"menu_order":0,"comment_status":"closed","ping_status":"closed","template":"","meta":{"footnotes":""},"class_list":["post-31","page","type-page","status-publish","hentry"],"_links":{"self":[{"href":"https:\/\/www.cish.org\/index.php\/wp-json\/wp\/v2\/pages\/31","targetHints":{"allow":["GET"]}}],"collection":[{"href":"https:\/\/www.cish.org\/index.php\/wp-json\/wp\/v2\/pages"}],"about":[{"href":"https:\/\/www.cish.org\/index.php\/wp-json\/wp\/v2\/types\/page"}],"author":[{"embeddable":true,"href":"https:\/\/www.cish.org\/index.php\/wp-json\/wp\/v2\/users\/3"}],"replies":[{"embeddable":true,"href":"https:\/\/www.cish.org\/index.php\/wp-json\/wp\/v2\/comments?post=31"}],"version-history":[{"count":8,"href":"https:\/\/www.cish.org\/index.php\/wp-json\/wp\/v2\/pages\/31\/revisions"}],"predecessor-version":[{"id":1627,"href":"https:\/\/www.cish.org\/index.php\/wp-json\/wp\/v2\/pages\/31\/revisions\/1627"}],"wp:attachment":[{"href":"https:\/\/www.cish.org\/index.php\/wp-json\/wp\/v2\/media?parent=31"}],"curies":[{"name":"wp","href":"https:\/\/api.w.org\/{rel}","templated":true}]}}