{"id":2518,"date":"2018-07-07T13:23:18","date_gmt":"2018-07-07T12:23:18","guid":{"rendered":"http:\/\/www.cish.org\/?page_id=2518"},"modified":"2021-07-26T08:43:49","modified_gmt":"2021-07-26T07:43:49","slug":"national-committees","status":"publish","type":"page","link":"https:\/\/www.cish.org\/index.php\/en\/members\/national-committees\/","title":{"rendered":"National Committees"},"content":{"rendered":"<div class=\"wrap pdb-list pdb-instance-1 participants-database\" id=\"participants-list-1\">    <table class=\"wp-list-table widefat fixed pages list-container\" >                        <thead>        <tr>          <th class=\"organisation\" scope=\"col\">Organisation<\/th>        <\/tr>      <\/thead>      <tbody>                    <tr>                  <td class=\"organisation-field\">                      <a href=\"https:\/\/www.cish.org\/index.php\/fr\/membres\/information\/?pdb=434\">Asociaci\u00f3n Argentina de Investigadores en Historia (AsAIH)<\/a>              <\/td>                    <\/tr>            <tr>                  <td class=\"organisation-field\">                      <a href=\"https:\/\/www.cish.org\/index.php\/fr\/membres\/information\/?pdb=435\">Historians Association of Armenia<\/a>              <\/td>                    <\/tr>            <tr>                  <td class=\"organisation-field\">                      <a href=\"https:\/\/www.cish.org\/index.php\/fr\/membres\/information\/?pdb=437\">Verband \u00d6sterreichischer Historiker und Geschichtsvereine<\/a>              <\/td>                    <\/tr>            <tr>                  <td class=\"organisation-field\">                      <a href=\"https:\/\/www.cish.org\/index.php\/fr\/membres\/information\/?pdb=438\">Comit\u00e9 national belge des sciences historiques<\/a>              <\/td>                    <\/tr>            <tr>                  <td class=\"organisation-field\">                      <a href=\"https:\/\/www.cish.org\/index.php\/fr\/membres\/information\/?pdb=440\">Associa\u00e7\u00e3o Nacional de Hist\u00f3ria (ANPUH)<\/a>              <\/td>                    <\/tr>            <tr>                  <td class=\"organisation-field\">                      <a href=\"https:\/\/www.cish.org\/index.php\/fr\/membres\/information\/?pdb=441\">Canadian Historical Association (CHA) | Soci\u00e9t\u00e9 historique du Canada (SHC)<\/a>              <\/td>                    <\/tr>            <tr>                  <td class=\"organisation-field\">                      <a href=\"https:\/\/www.cish.org\/index.php\/fr\/membres\/information\/?pdb=444\">Asociaci\u00f3n Colombiana de Historiadores<\/a>              <\/td>                    <\/tr>            <tr>                  <td class=\"organisation-field\">                      <a href=\"https:\/\/www.cish.org\/index.php\/fr\/membres\/information\/?pdb=445\">Croatian National Committee of Historical Sciences HNOPZ<\/a>              <\/td>                    <\/tr>            <tr>                  <td class=\"organisation-field\">                      <a href=\"https:\/\/www.cish.org\/index.php\/fr\/membres\/information\/?pdb=447\">Czech National Committee of Historians<\/a>              <\/td>                    <\/tr>            <tr>                  <td class=\"organisation-field\">                      <a href=\"https:\/\/www.cish.org\/index.php\/fr\/membres\/information\/?pdb=448\">Danish Historical Association<\/a>              <\/td>                    <\/tr>            <tr>                  <td class=\"organisation-field\">                      <a href=\"https:\/\/www.cish.org\/index.php\/fr\/membres\/information\/?pdb=449\">Comit\u00e9 national des historiens finlandais\/Finnish Historical Society (Suomen Historiallinen Seura)<\/a>              <\/td>                    <\/tr>            <tr>                  <td class=\"organisation-field\">                      <a href=\"https:\/\/www.cish.org\/index.php\/fr\/membres\/information\/?pdb=450\">Comit\u00e9 fran\u00e7ais des Sciences Historiques<\/a>              <\/td>                    <\/tr>            <tr>                  <td class=\"organisation-field\">                      <a href=\"https:\/\/www.cish.org\/index.php\/fr\/membres\/information\/?pdb=451\">National Committee of Georgian Historians<\/a>              <\/td>                    <\/tr>            <tr>                  <td class=\"organisation-field\">                      <a href=\"https:\/\/www.cish.org\/index.php\/fr\/membres\/information\/?pdb=453\">Verband der Historiker und Historikerinnen Deutschlands<\/a>              <\/td>                    <\/tr>            <tr>                  <td class=\"organisation-field\">                      <a href=\"https:\/\/www.cish.org\/index.php\/fr\/membres\/information\/?pdb=452\">British National Committee<\/a>              <\/td>                    <\/tr>            <tr>                  <td class=\"organisation-field\">                      <a href=\"https:\/\/www.cish.org\/index.php\/fr\/membres\/information\/?pdb=454\">Association des Historiens Grecs<\/a>              <\/td>                    <\/tr>            <tr>                  <td class=\"organisation-field\">                      <a href=\"https:\/\/www.cish.org\/index.php\/fr\/membres\/information\/?pdb=455\">Association des Historiens de Guin\u00e9e<\/a>              <\/td>                    <\/tr>            <tr>                  <td class=\"organisation-field\">                      <a href=\"https:\/\/www.cish.org\/index.php\/fr\/membres\/information\/?pdb=456\">Institute of History at the Research Centre for the Humanities<\/a>              <\/td>                    <\/tr>            <tr>                  <td class=\"organisation-field\">                      <a href=\"https:\/\/www.cish.org\/index.php\/fr\/membres\/information\/?pdb=457\">Landsnefnd sagnfraedinga<\/a>              <\/td>                    <\/tr>            <tr>                  <td class=\"organisation-field\">                      <a href=\"https:\/\/www.cish.org\/index.php\/fr\/membres\/information\/?pdb=458\">Indian Association for Global Historical Sciences (IAGHS)<\/a>              <\/td>                    <\/tr>            <tr>                  <td class=\"organisation-field\">                      <a href=\"https:\/\/www.cish.org\/index.php\/fr\/membres\/information\/?pdb=459\">Irish Committee of Historical Sciences<\/a>              <\/td>                    <\/tr>            <tr>                  <td class=\"organisation-field\">                      <a href=\"https:\/\/www.cish.org\/index.php\/fr\/membres\/information\/?pdb=460\">Historical Society of Israel<\/a>              <\/td>                    <\/tr>            <tr>                  <td class=\"organisation-field\">                      <a href=\"https:\/\/www.cish.org\/index.php\/fr\/membres\/information\/?pdb=461\">Giunta Centrale per gli studi storici<\/a>              <\/td>                    <\/tr>            <tr>                  <td class=\"organisation-field\">                      <a href=\"https:\/\/www.cish.org\/index.php\/fr\/membres\/information\/?pdb=462\">Japananese National Committee<\/a>              <\/td>                    <\/tr>            <tr>                  <td class=\"organisation-field\">                      <a href=\"https:\/\/www.cish.org\/index.php\/fr\/membres\/information\/?pdb=463\">Association of Kazakhstan Historians<\/a>              <\/td>                    <\/tr>            <tr>                  <td class=\"organisation-field\">                      <a href=\"https:\/\/www.cish.org\/index.php\/fr\/membres\/information\/?pdb=464\">Korean National Committee of Historical Sciences<\/a>              <\/td>                    <\/tr>            <tr>                  <td class=\"organisation-field\">                      <a href=\"https:\/\/www.cish.org\/index.php\/fr\/membres\/information\/?pdb=465\">Latvian National Committee of Historical Sciences<\/a>              <\/td>                    <\/tr>            <tr>                  <td class=\"organisation-field\">                      <a href=\"https:\/\/www.cish.org\/index.php\/fr\/membres\/information\/?pdb=466\">Comit\u00e9 national des Historiens de Lituanie<\/a>              <\/td>                    <\/tr>            <tr>                  <td class=\"organisation-field\">                      <a href=\"https:\/\/www.cish.org\/index.php\/fr\/membres\/information\/?pdb=467\">Section historique de l\u2019Institut grand-ducal<\/a>              <\/td>                    <\/tr>            <tr>                  <td class=\"organisation-field\">                      <a href=\"https:\/\/www.cish.org\/index.php\/fr\/membres\/information\/?pdb=469\">Comit\u00e9 Mexicano de Ciencias Hist\u00f3ricas (CMCH)<\/a>              <\/td>                    <\/tr>            <tr>                  <td class=\"organisation-field\">                      <a href=\"https:\/\/www.cish.org\/index.php\/fr\/membres\/information\/?pdb=468\">Association Marocaine pour la Recherche Historique<\/a>              <\/td>                    <\/tr>            <tr>                  <td class=\"organisation-field\">                      <a href=\"https:\/\/www.cish.org\/index.php\/fr\/membres\/information\/?pdb=471\">Koninklijk Nederlands Historisch Genootschap<\/a>              <\/td>                    <\/tr>            <tr>                  <td class=\"organisation-field\">                      <a href=\"https:\/\/www.cish.org\/index.php\/fr\/membres\/information\/?pdb=470\">The Norwegian Historical Association (HIFO)<\/a>              <\/td>                    <\/tr>            <tr>                  <td class=\"organisation-field\">                      <a href=\"https:\/\/www.cish.org\/index.php\/fr\/membres\/information\/?pdb=472\">Comit\u00e9 Paraguayo de Ciencias Hist\u00f3ricas (CPCH)<\/a>              <\/td>                    <\/tr>            <tr>                  <td class=\"organisation-field\">                      <a href=\"https:\/\/www.cish.org\/index.php\/fr\/membres\/information\/?pdb=443\">Association of Chinese Historians<\/a>              <\/td>                    <\/tr>            <tr>                  <td class=\"organisation-field\">                      <a href=\"https:\/\/www.cish.org\/index.php\/fr\/membres\/information\/?pdb=473\">Comit\u00e9 Peruano de Ciencias Hist\u00f3ricas<\/a>              <\/td>                    <\/tr>            <tr>                  <td class=\"organisation-field\">                      <a href=\"https:\/\/www.cish.org\/index.php\/fr\/membres\/information\/?pdb=474\">The Polish Academy of Sciences | Polska Akademia Nauk PAN | Committee for Historical Sciences of the PAS | Komitet Nauk Historycznych PAN<\/a>              <\/td>                    <\/tr>            <tr>                  <td class=\"organisation-field\">                      <a href=\"https:\/\/www.cish.org\/index.php\/fr\/membres\/information\/?pdb=475\">Academia Portuguesa da Hist\u00f3ria<\/a>              <\/td>                    <\/tr>            <tr>                  <td class=\"organisation-field\">                      <a href=\"https:\/\/www.cish.org\/index.php\/fr\/membres\/information\/?pdb=476\">Comitetul National al Istoricilor din Rom\u00e2nia<\/a>              <\/td>                    <\/tr>            <tr>                  <td class=\"organisation-field\">                      <a href=\"https:\/\/www.cish.org\/index.php\/fr\/membres\/information\/?pdb=477\">Comit\u00e9 National des Historiens aupr\u00e8s de l\u2019Acad\u00e9mie des Sciences de la Russie<\/a>              <\/td>                    <\/tr>            <tr>                  <td class=\"organisation-field\">                      <a href=\"https:\/\/www.cish.org\/index.php\/fr\/membres\/information\/?pdb=535\">Association des Historiens du S\u00e9n\u00e9gal (AHS)<\/a>              <\/td>                    <\/tr>            <tr>                  <td class=\"organisation-field\">                      <a href=\"https:\/\/www.cish.org\/index.php\/fr\/membres\/information\/?pdb=529\">Serbian National Committee of Historical Sciences<\/a>              <\/td>                    <\/tr>            <tr>                  <td class=\"organisation-field\">                      <a href=\"https:\/\/www.cish.org\/index.php\/fr\/membres\/information\/?pdb=478\">Slovak National Committee of Historians<\/a>              <\/td>                    <\/tr>            <tr>                  <td class=\"organisation-field\">                      <a href=\"https:\/\/www.cish.org\/index.php\/fr\/membres\/information\/?pdb=479\">Comit\u00e9 National Slov\u00e8ne des Sciences Historiques<\/a>              <\/td>                    <\/tr>            <tr>                  <td class=\"organisation-field\">                      <a href=\"https:\/\/www.cish.org\/index.php\/fr\/membres\/information\/?pdb=480\">Comit\u00e9 Espa\u00f1ol de Ciencias Hist\u00f3ricas (CECH)<\/a>              <\/td>                    <\/tr>            <tr>                  <td class=\"organisation-field\">                      <a href=\"https:\/\/www.cish.org\/index.php\/fr\/membres\/information\/?pdb=481\">Svenska Historiska F\u00f6reningen<\/a>              <\/td>                    <\/tr>            <tr>                  <td class=\"organisation-field\">                      <a href=\"https:\/\/www.cish.org\/index.php\/fr\/membres\/information\/?pdb=482\">Swiss Society for History (SSH)<\/a>              <\/td>                    <\/tr>            <tr>                  <td class=\"organisation-field\">                      <a href=\"https:\/\/www.cish.org\/index.php\/fr\/membres\/information\/?pdb=483\">Tunisia<\/a>              <\/td>                    <\/tr>            <tr>                  <td class=\"organisation-field\">                      <a href=\"https:\/\/www.cish.org\/index.php\/fr\/membres\/information\/?pdb=484\">Turkish Historical Society | T\u00fcrk Tarih Kurumu<\/a>              <\/td>                    <\/tr>            <tr>                  <td class=\"organisation-field\">                      <a href=\"https:\/\/www.cish.org\/index.php\/fr\/membres\/information\/?pdb=485\">Ukrainian National Committee of Historians<\/a>              <\/td>                    <\/tr>            <tr>                  <td class=\"organisation-field\">                      <a href=\"https:\/\/www.cish.org\/index.php\/fr\/membres\/information\/?pdb=487\">American Historical Association (AHA)<\/a>              <\/td>                    <\/tr>            <tr>                  <td class=\"organisation-field\">                      <a href=\"https:\/\/www.cish.org\/index.php\/fr\/membres\/information\/?pdb=486\">Asociaci\u00f3n Uruguaya de Historiadores (Audhi)<\/a>              <\/td>                    <\/tr>            <tr>                  <td class=\"organisation-field\">                      <a href=\"https:\/\/www.cish.org\/index.php\/fr\/membres\/information\/?pdb=488\">Pontificio Comitato di Scienze Storiche<\/a>              <\/td>                    <\/tr>            <tr>                  <td class=\"organisation-field\">                      <a href=\"https:\/\/www.cish.org\/index.php\/fr\/membres\/information\/?pdb=489\">Association des sciences historiques du Vietnam (ASHV)<\/a>              <\/td>                    <\/tr>        <\/tbody>  <\/table>  <\/div>\n","protected":false},"excerpt":{"rendered":"","protected":false},"author":2,"featured_media":0,"parent":515,"menu_order":0,"comment_status":"closed","ping_status":"closed","template":"","meta":{"footnotes":""},"class_list":["post-2518","page","type-page","status-publish","hentry"],"_links":{"self":[{"href":"https:\/\/www.cish.org\/index.php\/wp-json\/wp\/v2\/pages\/2518","targetHints":{"allow":["GET"]}}],"collection":[{"href":"https:\/\/www.cish.org\/index.php\/wp-json\/wp\/v2\/pages"}],"about":[{"href":"https:\/\/www.cish.org\/index.php\/wp-json\/wp\/v2\/types\/page"}],"author":[{"embeddable":true,"href":"https:\/\/www.cish.org\/index.php\/wp-json\/wp\/v2\/users\/2"}],"replies":[{"embeddable":true,"href":"https:\/\/www.cish.org\/index.php\/wp-json\/wp\/v2\/comments?post=2518"}],"version-history":[{"count":2,"href":"https:\/\/www.cish.org\/index.php\/wp-json\/wp\/v2\/pages\/2518\/revisions"}],"predecessor-version":[{"id":2893,"href":"https:\/\/www.cish.org\/index.php\/wp-json\/wp\/v2\/pages\/2518\/revisions\/2893"}],"up":[{"embeddable":true,"href":"https:\/\/www.cish.org\/index.php\/wp-json\/wp\/v2\/pages\/515"}],"wp:attachment":[{"href":"https:\/\/www.cish.org\/index.php\/wp-json\/wp\/v2\/media?parent=2518"}],"curies":[{"name":"wp","href":"https:\/\/api.w.org\/{rel}","templated":true}]}}