{"id":24,"date":"2015-09-10T23:32:56","date_gmt":"2015-09-10T22:32:56","guid":{"rendered":"http:\/\/www.cish.org\/?page_id=24"},"modified":"2015-09-22T18:29:25","modified_gmt":"2015-09-22T17:29:25","slug":"page-2","status":"publish","type":"page","link":"https:\/\/www.cish.org\/index.php\/fr\/page-2\/","title":{"rendered":"Pr\u00e9sentation"},"content":{"rendered":"<p>Le Comit\u00e9 International des Sciences Historiques (CISH) ou International Committee of Historical Sciences (ICHS) a \u00e9t\u00e9 cr\u00e9e en 1926.<\/p>\n<p>Association non gouvernementale, le CISH son objectif est de promouvoir les sciences historiques\u00a0 par la voie de la coop\u00e9ration internationale. Selon le premier article de ses statuts, le CISH \u00ab\u00a0d\u00e9fend la libert\u00e9 de pens\u00e9e et d\u2019expression dans le domaine de la recherche historique et veille au respect de la d\u00e9ontologie professionnelle de ses membres.\u00a0\u00bb<\/p>\n<p>Aujourd&#8217;hui, il regroupe 53 pays. Il s&#8217;agit d&#8217;un organisme permanent qui r\u00e9unit et structure les repr\u00e9sentants intellectuels de la science historique \u00e0 travers le monde et d\u00e9veloppe les contacts et les \u00e9changes personnels.<\/p>\n<p>Il est compos\u00e9 de <a href=\"https:\/\/www.cish.org\/index.php\/membres\/comites-nationaux\/\">comit\u00e9s nationaux<\/a> qui repr\u00e9sentent les institutions de recherche historique de leur pays respectif et d&#8217;<a href=\"https:\/\/www.cish.org\/index.php\/membres\/organismes-internationaux\/\">organismes internationaux<\/a> affili\u00e9s qui se consacrent \u00e0 des recherches et \u00e0 des publications de caract\u00e8re scientifique relevant des sciences historiques.<br \/>\nIl est anim\u00e9 par un <a href=\"https:\/\/www.cish.org\/index.php\/page-2\/bureau\/\">bureau<\/a> qui assure le fonctionnement et la coordination des activit\u00e9s du CISH.<\/p>\n<p>Il organise tous les cinq ans un <a href=\"https:\/\/www.cish.org\/index.php\/congres-et-autres-rencontres\/\">Congr\u00e8s international<\/a> des Sciences historiques<\/p>\n<p>Le Comit\u00e9 tient une <a href=\"https:\/\/www.cish.org\/index.php\/page-2\/assemblees-generales\/\">Assembl\u00e9e g\u00e9n\u00e9rale <\/a>au moins tous les trois ans. Chaque Congr\u00e8s es imm\u00e9diatement pr\u00e9c\u00e9d\u00e9 et suivi d&#8217;une Assembl\u00e9e g\u00e9n\u00e9rale.<\/p>\n<p>Le Comit\u00e9 institue des <a href=\"https:\/\/www.cish.org\/index.php\/membres\/commissions-internes\/\">commissions internes <\/a>auxquelles il confie la r\u00e9alisation de projets scientifiques ou l&#8217;organisation de <a href=\"https:\/\/www.cish.org\/index.php\/congres-et-autres-rencontres\/colloques-et-symposiums\/\">manifestations scientifiques<\/a> ponctuelles.<\/p>\n<p>Le Comit\u00e9 organise \u00e9galement l&#8217;attribution du <a title=\"Permanent Link to Le Prix CISH-Jaeger-LeCoultre, prix international de l\u2019Histoire, d\u00e9cern\u00e9 \u00e0 Serge Gruzinski\" href=\"https:\/\/www.cish.org\/index.php\/2015\/09\/11\/le-prix-cish-jaeger-lecoultre-prix-international-de-lhistoire-decerne-a-serge-gruzinski\/\" rel=\"bookmark\">Prix CISH-Jaeger-LeCoultre, prix international de l\u2019Histoire<\/a><\/p>\n<p>Ses langues officielles sont l\u2019anglais, l\u2019espagnol et le fran\u00e7ais.<\/p>\n<p><a href=\"https:\/\/www.cish.org\/index.php\/page-2\/archives-et-histoire\/\">L&#8217;histoire et les archives du comit\u00e9 sont consultables ici<\/a><\/p>\n","protected":false},"excerpt":{"rendered":"<p>Le Comit\u00e9 International des Sciences Historiques (CISH) ou International Committee of Historical Sciences (ICHS) a \u00e9t\u00e9 cr\u00e9e en 1926. Association non gouvernementale, le CISH son objectif est de promouvoir les sciences historiques\u00a0 par la voie de la coop\u00e9ration internationale. Selon le premier article de ses statuts, le CISH \u00ab\u00a0d\u00e9fend la libert\u00e9 de pens\u00e9e et d\u2019expression [&hellip;]<\/p>\n","protected":false},"author":3,"featured_media":0,"parent":0,"menu_order":2,"comment_status":"closed","ping_status":"closed","template":"","meta":{"footnotes":""},"class_list":["post-24","page","type-page","status-publish","hentry"],"_links":{"self":[{"href":"https:\/\/www.cish.org\/index.php\/wp-json\/wp\/v2\/pages\/24","targetHints":{"allow":["GET"]}}],"collection":[{"href":"https:\/\/www.cish.org\/index.php\/wp-json\/wp\/v2\/pages"}],"about":[{"href":"https:\/\/www.cish.org\/index.php\/wp-json\/wp\/v2\/types\/page"}],"author":[{"embeddable":true,"href":"https:\/\/www.cish.org\/index.php\/wp-json\/wp\/v2\/users\/3"}],"replies":[{"embeddable":true,"href":"https:\/\/www.cish.org\/index.php\/wp-json\/wp\/v2\/comments?post=24"}],"version-history":[{"count":7,"href":"https:\/\/www.cish.org\/index.php\/wp-json\/wp\/v2\/pages\/24\/revisions"}],"predecessor-version":[{"id":493,"href":"https:\/\/www.cish.org\/index.php\/wp-json\/wp\/v2\/pages\/24\/revisions\/493"}],"wp:attachment":[{"href":"https:\/\/www.cish.org\/index.php\/wp-json\/wp\/v2\/media?parent=24"}],"curies":[{"name":"wp","href":"https:\/\/api.w.org\/{rel}","templated":true}]}}