{"id":1761,"date":"2016-12-18T15:26:02","date_gmt":"2016-12-18T14:26:02","guid":{"rendered":"http:\/\/www.cish.org\/?page_id=1761"},"modified":"2016-12-24T14:58:50","modified_gmt":"2016-12-24T13:58:50","slug":"proposition-de-session-pour-le-xxiieme-congres-du-cish-poznan-2020","status":"publish","type":"page","link":"https:\/\/www.cish.org\/index.php\/fr\/congres-et-autres-rencontres\/proposition-de-session-pour-le-xxiieme-congres-du-cish-poznan-2020\/","title":{"rendered":"Appel \u00e0 proposition pour le XXII\u00e8me Congr\u00e8s du CISH Pozna\u0144 2020"},"content":{"rendered":"<p>Afin de nous faire parvenir votre proposition, veuillez prendre connaissance des <a href=\"https:\/\/www.cish.org\/wp-content\/uploads\/2016\/12\/Appel-\u00e0-propositions-Poznan-2020.pdf\" target=\"_blank\">instructions<\/a> puis compl\u00e9ter ce <a href=\"https:\/\/www.cish.org\/index.php\/fr\/congres-et-autres-rencontres\/proposition-de-session-pour-le-xxiieme-congres-du-cish-poznan-2020\/\" target=\"_blank\">formulaire<\/a>\u00a0 avant le 31 janvier 2017. En cas de difficult\u00e9, vous pouvez envoyer un mail \u00e0 : <a href=\"m&#97;&#105;&#x6c;&#x74;o:&#67;&#111;&#x6e;&#x67;re&#115;&#67;&#x49;&#x53;H&#64;&#103;&#x6d;&#x61;&#x69;l&#46;&#99;&#x6f;&#x6d;\">&#x43;&#x6f;&#x6e;&#x67;&#x72;&#x65;&#x73;&#x43;&#x49;&#x53;&#x48;&#x40;&#x67;&#x6d;&#97;&#105;&#108;&#46;&#99;&#111;&#109;<\/a><\/p>\n<p><iframe loading=\"lazy\" src=\"https:\/\/docs.google.com\/forms\/d\/e\/1FAIpQLSdEofpCBzOWLqGEAOLv6Z9_xMyP-KdNZu3cM77eCkE23ofLtQ\/viewform?embedded=true\" width=\"760\" height=\"500\" frameborder=\"0\" marginwidth=\"0\" marginheight=\"0\">Chargement en cours&#8230;<\/iframe><\/p>\n","protected":false},"excerpt":{"rendered":"<p>Afin de nous faire parvenir votre proposition, veuillez prendre connaissance des instructions puis compl\u00e9ter ce formulaire\u00a0 avant le 31 janvier 2017. En cas de difficult\u00e9, vous pouvez envoyer un mail \u00e0 : &#x43;&#x6f;&#x6e;&#x67;&#x72;&#x65;&#x73;&#x43;&#x49;&#x53;&#x48;&#x40;&#x67;&#x6d;&#x61;&#x69;&#x6c;&#x2e;&#x63;&#x6f;&#x6d; Chargement en cours&#8230;<\/p>\n","protected":false},"author":3,"featured_media":0,"parent":31,"menu_order":0,"comment_status":"closed","ping_status":"closed","template":"","meta":{"footnotes":""},"class_list":["post-1761","page","type-page","status-publish","hentry"],"_links":{"self":[{"href":"https:\/\/www.cish.org\/index.php\/wp-json\/wp\/v2\/pages\/1761","targetHints":{"allow":["GET"]}}],"collection":[{"href":"https:\/\/www.cish.org\/index.php\/wp-json\/wp\/v2\/pages"}],"about":[{"href":"https:\/\/www.cish.org\/index.php\/wp-json\/wp\/v2\/types\/page"}],"author":[{"embeddable":true,"href":"https:\/\/www.cish.org\/index.php\/wp-json\/wp\/v2\/users\/3"}],"replies":[{"embeddable":true,"href":"https:\/\/www.cish.org\/index.php\/wp-json\/wp\/v2\/comments?post=1761"}],"version-history":[{"count":7,"href":"https:\/\/www.cish.org\/index.php\/wp-json\/wp\/v2\/pages\/1761\/revisions"}],"predecessor-version":[{"id":1781,"href":"https:\/\/www.cish.org\/index.php\/wp-json\/wp\/v2\/pages\/1761\/revisions\/1781"}],"up":[{"embeddable":true,"href":"https:\/\/www.cish.org\/index.php\/wp-json\/wp\/v2\/pages\/31"}],"wp:attachment":[{"href":"https:\/\/www.cish.org\/index.php\/wp-json\/wp\/v2\/media?parent=1761"}],"curies":[{"name":"wp","href":"https:\/\/api.w.org\/{rel}","templated":true}]}}