{"id":15,"date":"2015-09-10T23:18:09","date_gmt":"2015-09-10T22:18:09","guid":{"rendered":"http:\/\/www.cish.org\/?page_id=15"},"modified":"2018-07-07T15:50:11","modified_gmt":"2018-07-07T14:50:11","slug":"membres","status":"publish","type":"page","link":"https:\/\/www.cish.org\/index.php\/fr\/membres\/","title":{"rendered":"Membres"},"content":{"rendered":"<h3>Le Comit\u00e9 International des Sciences Historiques est constitu\u00e9 de 3 types de membres :<\/h3>\n<p align=\"left\"><a href=\"https:\/\/www.cish.org\/index.php\/fr\/membres\/comites-nationaux\/\"><strong>Les comit\u00e9s nationaux<\/strong><\/a>. Au nombre de 51 en 2015, ils repr\u00e9sentent les institutions de recherche historique de leur pays respectif.<\/p>\n<p align=\"left\"><a href=\"https:\/\/www.cish.org\/index.php\/fr\/membres\/organismes-internationaux\/\"><strong>Les organismes internationaux<\/strong><\/a> affili\u00e9s. Au nombre de 30 en 2015, ils se consacrent \u00e0 des recherches et \u00e0 des publications de caract\u00e8re scientifique relevant des sciences historiques.<\/p>\n<p align=\"left\"><a href=\"https:\/\/www.cish.org\/index.php\/fr\/commissions-internes\/\"><strong>Les commissions internes<\/strong><\/a>, au nombre de 8 en 2015, r\u00e9alisent de projets scientifiques ou des manifestations scientifiques ponctuelles. Il peut \u00e9galement s&#8217;agir d&#8217;associations internationales nouvelles qui poursuivent les m\u00eames buts qu&#8217;un organisme international affili\u00e9. Leur qualit\u00e9 de commission interne n\u2019exc\u00e8de pas dix ans, dans la perspective d&#8217;une admission comme organisme international affili\u00e9.<\/p>\n","protected":false},"excerpt":{"rendered":"<p>Le Comit\u00e9 International des Sciences Historiques est constitu\u00e9 de 3 types de membres : Les comit\u00e9s nationaux. Au nombre de 51 en 2015, ils repr\u00e9sentent les institutions de recherche historique de leur pays respectif. Les organismes internationaux affili\u00e9s. Au nombre de 30 en 2015, ils se consacrent \u00e0 des recherches et \u00e0 des publications de [&hellip;]<\/p>\n","protected":false},"author":3,"featured_media":0,"parent":0,"menu_order":1,"comment_status":"closed","ping_status":"closed","template":"","meta":{"footnotes":""},"class_list":["post-15","page","type-page","status-publish","hentry"],"_links":{"self":[{"href":"https:\/\/www.cish.org\/index.php\/wp-json\/wp\/v2\/pages\/15","targetHints":{"allow":["GET"]}}],"collection":[{"href":"https:\/\/www.cish.org\/index.php\/wp-json\/wp\/v2\/pages"}],"about":[{"href":"https:\/\/www.cish.org\/index.php\/wp-json\/wp\/v2\/types\/page"}],"author":[{"embeddable":true,"href":"https:\/\/www.cish.org\/index.php\/wp-json\/wp\/v2\/users\/3"}],"replies":[{"embeddable":true,"href":"https:\/\/www.cish.org\/index.php\/wp-json\/wp\/v2\/comments?post=15"}],"version-history":[{"count":16,"href":"https:\/\/www.cish.org\/index.php\/wp-json\/wp\/v2\/pages\/15\/revisions"}],"predecessor-version":[{"id":2547,"href":"https:\/\/www.cish.org\/index.php\/wp-json\/wp\/v2\/pages\/15\/revisions\/2547"}],"wp:attachment":[{"href":"https:\/\/www.cish.org\/index.php\/wp-json\/wp\/v2\/media?parent=15"}],"curies":[{"name":"wp","href":"https:\/\/api.w.org\/{rel}","templated":true}]}}