{"id":1405,"date":"2015-11-21T14:05:52","date_gmt":"2015-11-21T13:05:52","guid":{"rendered":"http:\/\/www.cish.org\/?page_id=1405"},"modified":"2015-11-21T14:46:22","modified_gmt":"2015-11-21T13:46:22","slug":"list-of-congresses-du-cish-since-beginnings-2","status":"publish","type":"page","link":"https:\/\/www.cish.org\/index.php\/en\/congresses-meetings\/list-of-congresses-du-cish-since-beginnings-2\/","title":{"rendered":"List of Congresses du CISH since beginnings"},"content":{"rendered":"<table border=\"0\" width=\"95%\" align=\"center\">\n<tbody>\n<tr>\n<td width=\"16%\">\n<h5 align=\"center\">I<\/h5>\n<\/td>\n<td colspan=\"4\">\n<h5><strong>PARIS<\/strong> (Congr\u00e8s international d&#8217;Histoire compar\u00e9e)<\/h5>\n<\/td>\n<td width=\"18%\">\n<h5>1900<\/h5>\n<\/td>\n<\/tr>\n<tr>\n<td>\n<h5 align=\"center\">II<\/h5>\n<\/td>\n<td colspan=\"4\">\n<h5><strong>ROME<\/strong><\/h5>\n<\/td>\n<td>\n<h5>1903<\/h5>\n<\/td>\n<\/tr>\n<tr>\n<td>\n<h5 align=\"center\">III<\/h5>\n<\/td>\n<td colspan=\"4\">\n<h5><strong>BERLIN<\/strong><\/h5>\n<\/td>\n<td>\n<h5>1908<\/h5>\n<\/td>\n<\/tr>\n<tr>\n<td>\n<h5 align=\"center\">IV<\/h5>\n<\/td>\n<td colspan=\"4\">\n<h5><strong>LONDRES<\/strong><\/h5>\n<\/td>\n<td>\n<h5>1913<\/h5>\n<\/td>\n<\/tr>\n<tr>\n<td>\n<h5 align=\"center\">V<\/h5>\n<\/td>\n<td colspan=\"4\">\n<h5><strong>BRUXELLES<\/strong><\/h5>\n<\/td>\n<td>\n<h5>1923<\/h5>\n<\/td>\n<\/tr>\n<tr>\n<td valign=\"top\">\n<h5 align=\"center\">*<\/h5>\n<\/td>\n<td colspan=\"4\">\n<h5><strong>GEN\u00c8VE<\/strong>, 15 mai 1926 : <strong>constitution du CISH<\/strong> : (Comit\u00e9 International des Sciences Historiques<\/h5>\n<\/td>\n<td valign=\"top\">\n<h5>1926<\/h5>\n<\/td>\n<\/tr>\n<tr>\n<td>\n<h5 align=\"center\">VI<\/h5>\n<\/td>\n<td colspan=\"4\">\n<h5><strong>OSLO<\/strong><\/h5>\n<\/td>\n<td>\n<h5>1928<\/h5>\n<\/td>\n<\/tr>\n<tr>\n<td>\n<h5 align=\"center\">VII<\/h5>\n<\/td>\n<td colspan=\"4\">\n<h5><strong>VARSOVIE<\/strong><\/h5>\n<\/td>\n<td>\n<h5>1933<\/h5>\n<\/td>\n<\/tr>\n<tr>\n<td>\n<h5 align=\"center\">VIII<\/h5>\n<\/td>\n<td colspan=\"4\">\n<h5><strong>ZURICH<\/strong><\/h5>\n<\/td>\n<td>\n<h5>1938<\/h5>\n<\/td>\n<\/tr>\n<tr>\n<td>\n<h5 align=\"center\">*<\/h5>\n<\/td>\n<td colspan=\"4\">\n<h5>Interruption due to World War II<\/h5>\n<\/td>\n<td><\/td>\n<\/tr>\n<tr>\n<td>\n<h5 align=\"center\">IX<\/h5>\n<\/td>\n<td colspan=\"4\">\n<h5><strong>PARIS<\/strong> (UNESCO)<\/h5>\n<\/td>\n<td>\n<h5>1950<\/h5>\n<\/td>\n<\/tr>\n<tr>\n<td>\n<h5 align=\"center\">X<\/h5>\n<\/td>\n<td colspan=\"4\">\n<h5><strong>ROME<\/strong><\/h5>\n<\/td>\n<td>\n<h5>1955<\/h5>\n<\/td>\n<\/tr>\n<tr>\n<td>\n<h5 align=\"center\">XI<\/h5>\n<\/td>\n<td colspan=\"4\">\n<h5><strong>STOCKHOLM<\/strong><\/h5>\n<\/td>\n<td>\n<h5>1960<\/h5>\n<\/td>\n<\/tr>\n<tr>\n<td>\n<h5 align=\"center\">XII<\/h5>\n<\/td>\n<td colspan=\"4\">\n<h5><strong>VIENNE<\/strong><\/h5>\n<\/td>\n<td>\n<h5>1965<\/h5>\n<\/td>\n<\/tr>\n<tr>\n<td>\n<h5 align=\"center\">XIII<\/h5>\n<\/td>\n<td colspan=\"4\">\n<h5><strong>MOSCOU<\/strong><\/h5>\n<\/td>\n<td>\n<h5>1970<\/h5>\n<\/td>\n<\/tr>\n<tr>\n<td>\n<h5 align=\"center\">XIV<\/h5>\n<\/td>\n<td colspan=\"4\">\n<h5><strong>SAN FRANCISCO<\/strong><\/h5>\n<\/td>\n<td>\n<h5>1975<\/h5>\n<\/td>\n<\/tr>\n<tr>\n<td>\n<h5 align=\"center\">XV<\/h5>\n<\/td>\n<td colspan=\"4\">\n<h5><strong>BUCAREST<\/strong><\/h5>\n<\/td>\n<td>\n<h5>1980<\/h5>\n<\/td>\n<\/tr>\n<tr>\n<td>\n<h5 align=\"center\">XVI<\/h5>\n<\/td>\n<td colspan=\"4\">\n<h5><strong>STUTTGART<\/strong><\/h5>\n<\/td>\n<td>\n<h5>1985<\/h5>\n<\/td>\n<\/tr>\n<tr>\n<td>\n<h5 align=\"center\">XVII<\/h5>\n<\/td>\n<td colspan=\"4\">\n<h5><strong>MADRID<\/strong><\/h5>\n<\/td>\n<td>\n<h5>1990<\/h5>\n<\/td>\n<\/tr>\n<tr>\n<td>\n<h5 align=\"center\">XVIII<\/h5>\n<\/td>\n<td colspan=\"4\" valign=\"middle\">\n<h5><strong>MONTR\u00c9AL<\/strong> &#8211; Main themes<\/h5>\n<h5>1) Nations, Peoples, and State Forms;<span lang=\"EN-GB\"><br \/>\n2) Women, Men, and Historical Change: Case Studies on the Impact of Gender History; <\/span><span lang=\"EN-GB\"><br \/>\n3) Peoples in Diaspora: Changing Sources, Forms, and Meanings.<\/span><\/h5>\n<\/td>\n<td valign=\"top\">\n<h5>1995<\/h5>\n<\/td>\n<\/tr>\n<tr>\n<td>\n<h5 align=\"center\">XIX<\/h5>\n<\/td>\n<td colspan=\"2\">\n<h5><strong>OSLO<\/strong><\/h5>\n<\/td>\n<td width=\"25%\">\n<h5 align=\"center\"><a href=\"https:\/\/www.cish.org\/wp-content\/uploads\/2015\/09\/Programme_Oslo_2000.pdf\">\u00a0<\/a><\/h5>\n<\/td>\n<td width=\"20%\">\n<h5 align=\"center\"><a href=\"https:\/\/www.cish.org\/wp-content\/uploads\/2015\/09\/Programme_Oslo_2000.pdf\">Program Oslo 2000<\/a><\/h5>\n<\/td>\n<td valign=\"top\">\n<h5>2000<\/h5>\n<\/td>\n<\/tr>\n<tr>\n<td>\n<h5 align=\"center\">XX<\/h5>\n<\/td>\n<td colspan=\"2\">\n<h5><strong>SYDNEY<\/strong><\/h5>\n<h5><\/h5>\n<\/td>\n<td>\n<h5><a href=\"https:\/\/www.cish.org\/wp-content\/uploads\/2015\/09\/Opening-speech-Sydney.pdf\">Opening speech<\/a><\/h5>\n<\/td>\n<td>\n<h5><a href=\"https:\/\/www.cish.org\/wp-content\/uploads\/2015\/09\/Programme_Sydney_2005.pdf\">Programm Sydney 2005<\/a><\/h5>\n<\/td>\n<td valign=\"top\">\n<h5>2005<\/h5>\n<\/td>\n<\/tr>\n<tr>\n<td>\n<h5 align=\"center\">XXI<\/h5>\n<\/td>\n<td width=\"13%\">\n<h5><strong>AMSTERDAM<\/strong><\/h5>\n<\/td>\n<td width=\"8%\"><\/td>\n<td><\/td>\n<td>\n<div align=\"center\">\n<h5 align=\"center\"><a href=\"https:\/\/www.cish.org\/wp-content\/uploads\/2015\/09\/Amsterdam_2010_Program.pdf\">Program<\/a><\/h5>\n<h5 align=\"center\"><a href=\"https:\/\/www.cish.org\/wp-content\/uploads\/2015\/09\/Amsterdam_2010_Program.pdf\">Amsterdam 2010<\/a><\/h5>\n<\/div>\n<\/td>\n<td valign=\"top\">\n<h5>2010<\/h5>\n<\/td>\n<\/tr>\n<tr>\n<td><\/td>\n<td colspan=\"4\"><\/td>\n<td><\/td>\n<\/tr>\n<tr>\n<td colspan=\"6\">\n<div align=\"left\">\n<h5><em>Note: The very first International Congress was in The Hague, 1898, and was devoted exclusively to Diplomatic History.<\/em><\/h5>\n<\/div>\n<\/td>\n<\/tr>\n<\/tbody>\n<\/table>\n","protected":false},"excerpt":{"rendered":"<p>I PARIS (Congr\u00e8s international d&#8217;Histoire compar\u00e9e) 1900 II ROME 1903 III BERLIN 1908 IV LONDRES 1913 V BRUXELLES 1923 * GEN\u00c8VE, 15 mai 1926 : constitution du CISH : (Comit\u00e9 International des Sciences Historiques 1926 VI OSLO 1928 VII VARSOVIE 1933 VIII ZURICH 1938 * Interruption due to World War II IX PARIS (UNESCO) 1950 [&hellip;]<\/p>\n","protected":false},"author":3,"featured_media":0,"parent":530,"menu_order":0,"comment_status":"closed","ping_status":"closed","template":"","meta":{"footnotes":""},"class_list":["post-1405","page","type-page","status-publish","hentry"],"_links":{"self":[{"href":"https:\/\/www.cish.org\/index.php\/wp-json\/wp\/v2\/pages\/1405","targetHints":{"allow":["GET"]}}],"collection":[{"href":"https:\/\/www.cish.org\/index.php\/wp-json\/wp\/v2\/pages"}],"about":[{"href":"https:\/\/www.cish.org\/index.php\/wp-json\/wp\/v2\/types\/page"}],"author":[{"embeddable":true,"href":"https:\/\/www.cish.org\/index.php\/wp-json\/wp\/v2\/users\/3"}],"replies":[{"embeddable":true,"href":"https:\/\/www.cish.org\/index.php\/wp-json\/wp\/v2\/comments?post=1405"}],"version-history":[{"count":3,"href":"https:\/\/www.cish.org\/index.php\/wp-json\/wp\/v2\/pages\/1405\/revisions"}],"predecessor-version":[{"id":1413,"href":"https:\/\/www.cish.org\/index.php\/wp-json\/wp\/v2\/pages\/1405\/revisions\/1413"}],"up":[{"embeddable":true,"href":"https:\/\/www.cish.org\/index.php\/wp-json\/wp\/v2\/pages\/530"}],"wp:attachment":[{"href":"https:\/\/www.cish.org\/index.php\/wp-json\/wp\/v2\/media?parent=1405"}],"curies":[{"name":"wp","href":"https:\/\/api.w.org\/{rel}","templated":true}]}}